{"id":989,"date":"2023-04-08T09:54:51","date_gmt":"2023-04-08T12:54:51","guid":{"rendered":"https:\/\/umlugarcomunidade.com.br\/wp\/?page_id=989"},"modified":"2023-05-01T19:32:50","modified_gmt":"2023-05-01T22:32:50","slug":"serie-temor-tremor","status":"publish","type":"page","link":"https:\/\/umlugarcomunidade.com.br\/?page_id=989","title":{"rendered":"Serie Temor tremor"},"content":{"rendered":"\t\t<div data-elementor-type=\"wp-page\" data-elementor-id=\"989\" class=\"elementor elementor-989\">\n\t\t\t\t<div class=\"elementor-element elementor-element-47546395 e-flex e-con-boxed e-con e-parent\" data-id=\"47546395\" data-element_type=\"container\">\n\t\t\t\t\t<div class=\"e-con-inner\">\n\t\t\t\t<div class=\"elementor-element elementor-element-a78ea0e elementor-widget elementor-widget-text-editor\" data-id=\"a78ea0e\" data-element_type=\"widget\" data-widget_type=\"text-editor.default\">\n\t\t\t\t<div class=\"elementor-widget-container\">\n\t\t\t\t\t\t\t\t\t<p><strong>NOSSAS S\u00c9RIES<\/strong><\/p>\t\t\t\t\t\t\t\t<\/div>\n\t\t\t\t<\/div>\n\t\t\t\t<div class=\"elementor-element elementor-element-5d9a86b0 elementor-invisible elementor-widget elementor-widget-heading\" data-id=\"5d9a86b0\" data-element_type=\"widget\" data-settings=\"{&quot;_animation&quot;:&quot;fadeIn&quot;}\" data-widget_type=\"heading.default\">\n\t\t\t\t<div class=\"elementor-widget-container\">\n\t\t\t\t\t<h2 class=\"elementor-heading-title elementor-size-default\">Temor e Tremor<\/h2>\t\t\t\t<\/div>\n\t\t\t\t<\/div>\n\t\t\t\t\t<\/div>\n\t\t\t\t<\/div>\n\t\t<div class=\"elementor-element elementor-element-7d417e2e e-flex e-con-boxed e-con e-parent\" data-id=\"7d417e2e\" data-element_type=\"container\">\n\t\t\t\t\t<div class=\"e-con-inner\">\n\t\t<div class=\"elementor-element elementor-element-2493a254 e-con-full e-flex e-con e-parent\" data-id=\"2493a254\" data-element_type=\"container\">\n\t\t\t\t<div class=\"elementor-element elementor-element-49a34e5f elementor-widget elementor-widget-text-editor\" data-id=\"49a34e5f\" data-element_type=\"widget\" data-widget_type=\"text-editor.default\">\n\t\t\t\t<div class=\"elementor-widget-container\">\n\t\t\t\t\t\t\t\t\t<p>Tratar sobre f\u00e9 na B\u00edblia (Antigo e Novo Testamento) e perceber que a f\u00e9 \u00e9 um \u201call in\u201d tendo ou n\u00e3o boas cartas na m\u00e3o.<\/p>\t\t\t\t\t\t\t\t<\/div>\n\t\t\t\t<\/div>\n\t\t\t\t<\/div>\n\t\t<div class=\"elementor-element elementor-element-4cc01bd0 e-con-full e-flex e-con e-parent\" data-id=\"4cc01bd0\" data-element_type=\"container\">\n\t\t\t\t<div class=\"elementor-element elementor-element-7a533386 elementor-widget elementor-widget-video\" data-id=\"7a533386\" data-element_type=\"widget\" data-settings=\"{&quot;youtube_url&quot;:&quot;https:\\\/\\\/youtu.be\\\/jgbLcfI1_SE&quot;,&quot;video_type&quot;:&quot;youtube&quot;,&quot;controls&quot;:&quot;yes&quot;}\" data-widget_type=\"video.default\">\n\t\t\t\t<div class=\"elementor-widget-container\">\n\t\t\t\t\t\t\t<div class=\"elementor-wrapper elementor-open-inline\">\n\t\t\t<div class=\"elementor-video\"><\/div>\t\t<\/div>\n\t\t\t\t\t\t<\/div>\n\t\t\t\t<\/div>\n\t\t\t\t<div class=\"elementor-element elementor-element-04f8f49 elementor-widget elementor-widget-text-editor\" data-id=\"04f8f49\" data-element_type=\"widget\" data-widget_type=\"text-editor.default\">\n\t\t\t\t<div class=\"elementor-widget-container\">\n\t\t\t\t\t\t\t\t\t<p>Qu\u00e3o pouco sabemos sobre Deus e sobre quem Ele \u00e9 em Sua plenitude e complexidade. Qu\u00e3o pouco nossa mente consegue compreender sobre a grandeza da Cria\u00e7\u00e3o e sobre o mist\u00e9rio da encarna\u00e7\u00e3o, por exemplo. Ainda assim, substitu\u00edmos a contempla\u00e7\u00e3o de tudo isso por um arrazoado de ideias pr\u00f3prias achando que isso \u00e9 f\u00e9. Precisamos, urgentemente, cultivar uma f\u00e9 b\u00edblica, ou seja, uma confian\u00e7a irrestrita em Deus e em sua dire\u00e7\u00e3o. Como disse o pr\u00f3prio Jesus: \u201cO vento sopra onde quer, voc\u00ea escuta o barulho que ele faz, mas n\u00e3o sabe de onde ele vem, nem para onde vai; assim \u00e9 todo o que \u00e9 nascido do Esp\u00edrito.\u201d A f\u00e9 nasce desse relacionamento de ser guiado pelo Esp\u00edrito, confiando que Ele sabe para onde estamos indo.<\/p>\t\t\t\t\t\t\t\t<\/div>\n\t\t\t\t<\/div>\n\t\t\t\t<div class=\"elementor-element elementor-element-5ec80019 elementor-widget elementor-widget-video\" data-id=\"5ec80019\" data-element_type=\"widget\" data-settings=\"{&quot;youtube_url&quot;:&quot;https:\\\/\\\/youtu.be\\\/D-VjGoR1oOE&quot;,&quot;video_type&quot;:&quot;youtube&quot;,&quot;controls&quot;:&quot;yes&quot;}\" data-widget_type=\"video.default\">\n\t\t\t\t<div class=\"elementor-widget-container\">\n\t\t\t\t\t\t\t<div class=\"elementor-wrapper elementor-open-inline\">\n\t\t\t<div class=\"elementor-video\"><\/div>\t\t<\/div>\n\t\t\t\t\t\t<\/div>\n\t\t\t\t<\/div>\n\t\t\t\t<div class=\"elementor-element elementor-element-5bf579e elementor-widget elementor-widget-text-editor\" data-id=\"5bf579e\" data-element_type=\"widget\" data-widget_type=\"text-editor.default\">\n\t\t\t\t<div class=\"elementor-widget-container\">\n\t\t\t\t\t\t\t\t\t<p>E se sentir-se certo e seguro de todas as suas cren\u00e7as n\u00e3o for sin\u00f4nimo de estar com Deus e, na verdade, for um comportamento baseado em medo de estar errado e, portanto, isso acaba por te afastar de Deus? E se a sua certeza das cren\u00e7as corretas for uma forma de se proteger do pr\u00f3prio Deus e permanecer na sua zona de conforto? E se Deus quiser, atrav\u00e9s da d\u00favida, quebrar a barreira que voc\u00ea criou, e Se aproximar de voc\u00ea? E se a d\u00favida, ao inv\u00e9s de um sinal de fraqueza, for um passo importante na confian\u00e7a irrestrita em Deus?<\/p>\t\t\t\t\t\t\t\t<\/div>\n\t\t\t\t<\/div>\n\t\t\t\t<div class=\"elementor-element elementor-element-15866f1e elementor-widget elementor-widget-video\" data-id=\"15866f1e\" data-element_type=\"widget\" data-settings=\"{&quot;youtube_url&quot;:&quot;https:\\\/\\\/youtu.be\\\/FKGiQ_Jt7uE&quot;,&quot;video_type&quot;:&quot;youtube&quot;,&quot;controls&quot;:&quot;yes&quot;}\" data-widget_type=\"video.default\">\n\t\t\t\t<div class=\"elementor-widget-container\">\n\t\t\t\t\t\t\t<div class=\"elementor-wrapper elementor-open-inline\">\n\t\t\t<div class=\"elementor-video\"><\/div>\t\t<\/div>\n\t\t\t\t\t\t<\/div>\n\t\t\t\t<\/div>\n\t\t\t\t<div class=\"elementor-element elementor-element-0ecece5 elementor-widget elementor-widget-text-editor\" data-id=\"0ecece5\" data-element_type=\"widget\" data-widget_type=\"text-editor.default\">\n\t\t\t\t<div class=\"elementor-widget-container\">\n\t\t\t\t\t\t\t\t\t<p>Os dois maiores pilares da f\u00e9 crist\u00e3 s\u00e3o: a encarna\u00e7\u00e3o e a ressurrei\u00e7\u00e3o. Ambos s\u00e3o conceitos totalmente irracionais, n\u00e3o l\u00f3gicos e n\u00e3o explic\u00e1veis. Por isso \u00e9 t\u00e3o imperativo reavaliarmos nossa no\u00e7\u00e3o de f\u00e9. A f\u00e9 envolve o mist\u00e9rio, envolve o que n\u00e3o vemos, nem explicamos, nem conseguimos racionalizar. A f\u00e9 envolve o absurdo. A f\u00e9 \u00e9 loucura para o mundo, mas \u00e9 a sabedoria de Deus.<\/p>\t\t\t\t\t\t\t\t<\/div>\n\t\t\t\t<\/div>\n\t\t\t\t<div class=\"elementor-element elementor-element-7ccd6c5b elementor-widget elementor-widget-video\" data-id=\"7ccd6c5b\" data-element_type=\"widget\" data-settings=\"{&quot;youtube_url&quot;:&quot;https:\\\/\\\/youtu.be\\\/O9ug4R7vDqw&quot;,&quot;video_type&quot;:&quot;youtube&quot;,&quot;controls&quot;:&quot;yes&quot;}\" data-widget_type=\"video.default\">\n\t\t\t\t<div class=\"elementor-widget-container\">\n\t\t\t\t\t\t\t<div class=\"elementor-wrapper elementor-open-inline\">\n\t\t\t<div class=\"elementor-video\"><\/div>\t\t<\/div>\n\t\t\t\t\t\t<\/div>\n\t\t\t\t<\/div>\n\t\t\t\t<div class=\"elementor-element elementor-element-deb1fdd elementor-widget elementor-widget-text-editor\" data-id=\"deb1fdd\" data-element_type=\"widget\" data-widget_type=\"text-editor.default\">\n\t\t\t\t<div class=\"elementor-widget-container\">\n\t\t\t\t\t\t\t\t\t<p>As palavras carregam universos em si mesmas. Perceber o uso da palavra f\u00e9 no Antigo e no Novo Testamento \u00e9 uma viagem que possibilita perceber a profundidade do termo para al\u00e9m de cren\u00e7as te\u00f3ricas. Na verdade, a f\u00e9 \u00e9 uma pessoa e a f\u00e9 \u00e9 um ideal. E viver pela f\u00e9 tem tanto a ver com Deus, quanto como nossos relacionamentos uns com os outros. Sim! Porque a f\u00e9 b\u00edblica \u00e9 muito mais rigorosa do que crer em uma s\u00e9rie de conceitos e temas, \u00e9 negar-se e viver em, por e pelo Amor.<\/p>\t\t\t\t\t\t\t\t<\/div>\n\t\t\t\t<\/div>\n\t\t\t\t<div class=\"elementor-element elementor-element-3c5154b2 elementor-widget elementor-widget-video\" data-id=\"3c5154b2\" data-element_type=\"widget\" data-settings=\"{&quot;youtube_url&quot;:&quot;https:\\\/\\\/youtu.be\\\/_Rc-TocbRP8&quot;,&quot;video_type&quot;:&quot;youtube&quot;,&quot;controls&quot;:&quot;yes&quot;}\" data-widget_type=\"video.default\">\n\t\t\t\t<div class=\"elementor-widget-container\">\n\t\t\t\t\t\t\t<div class=\"elementor-wrapper elementor-open-inline\">\n\t\t\t<div class=\"elementor-video\"><\/div>\t\t<\/div>\n\t\t\t\t\t\t<\/div>\n\t\t\t\t<\/div>\n\t\t\t\t<div class=\"elementor-element elementor-element-ec05a06 elementor-widget elementor-widget-text-editor\" data-id=\"ec05a06\" data-element_type=\"widget\" data-widget_type=\"text-editor.default\">\n\t\t\t\t<div class=\"elementor-widget-container\">\n\t\t\t\t\t\t\t\t\t<p>Crer corretamente \u00e9 muito importante. Mas, como diz o livro b\u00edblico de Tiago, at\u00e9 os dem\u00f4nios creem, corretamente em Deus. Por isso Tiago fala de uma f\u00e9 como obras, citando dois personagens do Antigo Testamento. O cavaleiro da f\u00e9, como Soren Kierkegaard chamava Abra\u00e3o, \u00e9 um desses personagens. A obra de Abra\u00e3o, descrita por Tiago, \u00e9 justamente entregar seu filho, Isaque, para a morte. Nada poderia ser mais maluco e fora das obras tradicionais que pensamos quando lemos \u201ca f\u00e9 sem obras \u00e9 morta\u201d. A obra de Abra\u00e3o n\u00e3o foi guardar o s\u00e1bado, crer em Deus Pai, Filho e Esp\u00edrito, tamb\u00e9m n\u00e3o foi crer na cria\u00e7\u00e3o do mundo. A obra de Abra\u00e3o foi um evento de obedi\u00eancia que exigiu dele 100% de confian\u00e7a de que quem pediu, sabia o que estava fazendo. A obra de Abr\u00e3o n\u00e3o foi cren\u00e7a, mas confian\u00e7a. Confiar no absurdo \u00e9 viver pela f\u00e9.<\/p>\t\t\t\t\t\t\t\t<\/div>\n\t\t\t\t<\/div>\n\t\t\t\t<\/div>\n\t\t\t\t\t<\/div>\n\t\t\t\t<\/div>\n\t\t\t\t<\/div>\n\t\t","protected":false},"excerpt":{"rendered":"<p>NOSSAS S\u00c9RIES Temor e Tremor Tratar sobre f\u00e9 na B\u00edblia (Antigo e Novo Testamento) e perceber que a f\u00e9 \u00e9 um \u201call in\u201d tendo ou n\u00e3o boas cartas na m\u00e3o. https:\/\/youtu.be\/jgbLcfI1_SE Qu\u00e3o pouco sabemos sobre Deus e sobre quem Ele \u00e9 em Sua plenitude e complexidade. Qu\u00e3o pouco nossa mente consegue compreender sobre a grandeza&hellip;&nbsp;<a href=\"https:\/\/umlugarcomunidade.com.br\/?page_id=989\" rel=\"bookmark\">Continue a ler &raquo;<span class=\"screen-reader-text\">Serie Temor tremor<\/span><\/a><\/p>\n","protected":false},"author":1,"featured_media":0,"parent":0,"menu_order":0,"comment_status":"closed","ping_status":"closed","template":"elementor_header_footer","meta":{"neve_meta_sidebar":"","neve_meta_container":"","neve_meta_enable_content_width":"","neve_meta_content_width":0,"neve_meta_title_alignment":"","neve_meta_author_avatar":"","neve_post_elements_order":"","neve_meta_disable_header":"","neve_meta_disable_footer":"","neve_meta_disable_title":"","footnotes":""},"class_list":["post-989","page","type-page","status-publish","hentry"],"_links":{"self":[{"href":"https:\/\/umlugarcomunidade.com.br\/index.php?rest_route=\/wp\/v2\/pages\/989","targetHints":{"allow":["GET"]}}],"collection":[{"href":"https:\/\/umlugarcomunidade.com.br\/index.php?rest_route=\/wp\/v2\/pages"}],"about":[{"href":"https:\/\/umlugarcomunidade.com.br\/index.php?rest_route=\/wp\/v2\/types\/page"}],"author":[{"embeddable":true,"href":"https:\/\/umlugarcomunidade.com.br\/index.php?rest_route=\/wp\/v2\/users\/1"}],"replies":[{"embeddable":true,"href":"https:\/\/umlugarcomunidade.com.br\/index.php?rest_route=%2Fwp%2Fv2%2Fcomments&post=989"}],"version-history":[{"count":37,"href":"https:\/\/umlugarcomunidade.com.br\/index.php?rest_route=\/wp\/v2\/pages\/989\/revisions"}],"predecessor-version":[{"id":1658,"href":"https:\/\/umlugarcomunidade.com.br\/index.php?rest_route=\/wp\/v2\/pages\/989\/revisions\/1658"}],"wp:attachment":[{"href":"https:\/\/umlugarcomunidade.com.br\/index.php?rest_route=%2Fwp%2Fv2%2Fmedia&parent=989"}],"curies":[{"name":"wp","href":"https:\/\/api.w.org\/{rel}","templated":true}]}}