{"id":8,"date":"2023-04-03T09:48:35","date_gmt":"2023-04-03T12:48:35","guid":{"rendered":"https:\/\/umlugarcomunidade.com.br\/wp\/?page_id=8"},"modified":"2025-08-01T14:00:57","modified_gmt":"2025-08-01T17:00:57","slug":"sobre","status":"publish","type":"page","link":"https:\/\/umlugarcomunidade.com.br\/?page_id=8","title":{"rendered":"Transparencia"},"content":{"rendered":"\t\t<div data-elementor-type=\"wp-page\" data-elementor-id=\"8\" class=\"elementor elementor-8\">\n\t\t\t\t<div class=\"elementor-element elementor-element-313ea19 e-con-full e-flex e-con e-parent\" data-id=\"313ea19\" data-element_type=\"container\">\n\t\t<div class=\"elementor-element elementor-element-2790bcb e-flex e-con-boxed e-con e-child\" data-id=\"2790bcb\" data-element_type=\"container\" data-settings=\"{&quot;background_background&quot;:&quot;classic&quot;}\">\n\t\t\t\t\t<div class=\"e-con-inner\">\n\t\t\t\t<div class=\"elementor-element elementor-element-5b5611d elementor-widget elementor-widget-spacer\" data-id=\"5b5611d\" data-element_type=\"widget\" data-widget_type=\"spacer.default\">\n\t\t\t\t<div class=\"elementor-widget-container\">\n\t\t\t\t\t\t\t<div class=\"elementor-spacer\">\n\t\t\t<div class=\"elementor-spacer-inner\"><\/div>\n\t\t<\/div>\n\t\t\t\t\t\t<\/div>\n\t\t\t\t<\/div>\n\t\t\t\t<div class=\"elementor-element elementor-element-928c956 elementor-widget elementor-widget-heading\" data-id=\"928c956\" data-element_type=\"widget\" data-widget_type=\"heading.default\">\n\t\t\t\t<div class=\"elementor-widget-container\">\n\t\t\t\t\t<h2 class=\"elementor-heading-title elementor-size-default\">Transpar\u00eancia<\/h2>\t\t\t\t<\/div>\n\t\t\t\t<\/div>\n\t\t\t\t<div class=\"elementor-element elementor-element-80e9ae6 elementor-widget elementor-widget-spacer\" data-id=\"80e9ae6\" data-element_type=\"widget\" data-widget_type=\"spacer.default\">\n\t\t\t\t<div class=\"elementor-widget-container\">\n\t\t\t\t\t\t\t<div class=\"elementor-spacer\">\n\t\t\t<div class=\"elementor-spacer-inner\"><\/div>\n\t\t<\/div>\n\t\t\t\t\t\t<\/div>\n\t\t\t\t<\/div>\n\t\t\t\t\t<\/div>\n\t\t\t\t<\/div>\n\t\t\t\t<\/div>\n\t\t<div class=\"elementor-element elementor-element-c72dcc0 e-flex e-con-boxed e-con e-parent\" data-id=\"c72dcc0\" data-element_type=\"container\">\n\t\t\t\t\t<div class=\"e-con-inner\">\n\t\t<div class=\"elementor-element elementor-element-b67677d e-con-full e-flex e-con e-child\" data-id=\"b67677d\" data-element_type=\"container\">\n\t\t\t\t<div class=\"elementor-element elementor-element-68545c3 elementor-widget elementor-widget-text-editor\" data-id=\"68545c3\" data-element_type=\"widget\" data-widget_type=\"text-editor.default\">\n\t\t\t\t<div class=\"elementor-widget-container\">\n\t\t\t\t\t\t\t\t\t<p><span lang=\"pt-BR\">Acreditamos no valor da transpar\u00eancia, por isso nos comprometemos em manter voc\u00ea informado sobre como nossos recursos financeiros s\u00e3o gerenciados e aplicados em nosso projeto.<\/span><\/p><p><span lang=\"pt-BR\">A Comunidade conta com um conselho respons\u00e1vel pela fiscaliza\u00e7\u00e3o de nossos recursos. Aqui voc\u00ea pode acessar o balan\u00e7o de nossas finan\u00e7as, que em breve ser\u00e1 atualizado mensalmente.<\/span><\/p>\t\t\t\t\t\t\t\t<\/div>\n\t\t\t\t<\/div>\n\t\t\t\t<div class=\"elementor-element elementor-element-7e04a72 elementor-widget elementor-widget-video\" data-id=\"7e04a72\" data-element_type=\"widget\" data-settings=\"{&quot;video_type&quot;:&quot;hosted&quot;,&quot;controls&quot;:&quot;yes&quot;}\" data-widget_type=\"video.default\">\n\t\t\t\t<div class=\"elementor-widget-container\">\n\t\t\t\t\t\t\t<div class=\"e-hosted-video elementor-wrapper elementor-open-inline\">\n\t\t\t\t\t<video class=\"elementor-video\" src=\"https:\/\/umlugarcomunidade.com.br\/wp\/wp-content\/uploads\/2024\/02\/WhatsApp-Video-2024-02-11-at-18.33.26_664ebfee.mp4\" controls=\"\" preload=\"metadata\" controlsList=\"nodownload\" poster=\"https:\/\/umlugarcomunidade.com.br\/wp\/wp-content\/uploads\/2024\/02\/WhatsApp-Image-2024-02-11-at-18.34.03_c323e78a.jpg\"><\/video>\n\t\t\t\t<\/div>\n\t\t\t\t\t\t<\/div>\n\t\t\t\t<\/div>\n\t\t\t\t<\/div>\n\t\t<div class=\"elementor-element elementor-element-5bf0485 e-con-full e-flex e-con e-child\" data-id=\"5bf0485\" data-element_type=\"container\">\n\t\t\t\t<div class=\"elementor-element elementor-element-405fb70 elementor-widget elementor-widget-heading\" data-id=\"405fb70\" data-element_type=\"widget\" data-widget_type=\"heading.default\">\n\t\t\t\t<div class=\"elementor-widget-container\">\n\t\t\t\t\t<h2 class=\"elementor-heading-title elementor-size-default\">Presta\u00e7\u00e3o de contas<\/h2>\t\t\t\t<\/div>\n\t\t\t\t<\/div>\n\t\t\t\t<div class=\"elementor-element elementor-element-d49f2e1 elementor-widget elementor-widget-image\" data-id=\"d49f2e1\" data-element_type=\"widget\" data-widget_type=\"image.default\">\n\t\t\t\t<div class=\"elementor-widget-container\">\n\t\t\t\t\t\t\t\t\t\t\t\t\t\t\t<img fetchpriority=\"high\" decoding=\"async\" width=\"916\" height=\"495\" src=\"https:\/\/umlugarcomunidade.com.br\/wp\/wp-content\/uploads\/2025\/08\/prestacao_de_contas.png\" class=\"attachment-full size-full wp-image-2842\" alt=\"\" srcset=\"https:\/\/umlugarcomunidade.com.br\/wp\/wp-content\/uploads\/2025\/08\/prestacao_de_contas.png 916w, https:\/\/umlugarcomunidade.com.br\/wp\/wp-content\/uploads\/2025\/08\/prestacao_de_contas-300x162.png 300w, https:\/\/umlugarcomunidade.com.br\/wp\/wp-content\/uploads\/2025\/08\/prestacao_de_contas-768x415.png 768w\" sizes=\"(max-width: 916px) 100vw, 916px\" \/>\t\t\t\t\t\t\t\t\t\t\t\t\t\t\t<\/div>\n\t\t\t\t<\/div>\n\t\t\t\t<\/div>\n\t\t\t\t\t<\/div>\n\t\t\t\t<\/div>\n\t\t\t\t<\/div>\n\t\t","protected":false},"excerpt":{"rendered":"<p>Transpar\u00eancia Acreditamos no valor da transpar\u00eancia, por isso nos comprometemos em manter voc\u00ea informado sobre como nossos recursos financeiros s\u00e3o gerenciados e aplicados em nosso projeto. A Comunidade conta com um conselho respons\u00e1vel pela fiscaliza\u00e7\u00e3o de nossos recursos. Aqui voc\u00ea pode acessar o balan\u00e7o de nossas finan\u00e7as, que em breve ser\u00e1 atualizado mensalmente. https:\/\/umlugarcomunidade.com.br\/wp\/wp-content\/uploads\/2024\/02\/WhatsApp-Video-2024-02-11-at-18.33.26_664ebfee.mp4 Presta\u00e7\u00e3o&hellip;&nbsp;<a href=\"https:\/\/umlugarcomunidade.com.br\/?page_id=8\" rel=\"bookmark\">Continue a ler &raquo;<span class=\"screen-reader-text\">Transparencia<\/span><\/a><\/p>\n","protected":false},"author":1,"featured_media":0,"parent":0,"menu_order":0,"comment_status":"closed","ping_status":"closed","template":"elementor_header_footer","meta":{"neve_meta_sidebar":"","neve_meta_container":"","neve_meta_enable_content_width":"on","neve_meta_content_width":100,"neve_meta_title_alignment":"","neve_meta_author_avatar":"","neve_post_elements_order":"","neve_meta_disable_header":"","neve_meta_disable_footer":"","neve_meta_disable_title":"on","footnotes":""},"class_list":["post-8","page","type-page","status-publish","hentry"],"_links":{"self":[{"href":"https:\/\/umlugarcomunidade.com.br\/index.php?rest_route=\/wp\/v2\/pages\/8","targetHints":{"allow":["GET"]}}],"collection":[{"href":"https:\/\/umlugarcomunidade.com.br\/index.php?rest_route=\/wp\/v2\/pages"}],"about":[{"href":"https:\/\/umlugarcomunidade.com.br\/index.php?rest_route=\/wp\/v2\/types\/page"}],"author":[{"embeddable":true,"href":"https:\/\/umlugarcomunidade.com.br\/index.php?rest_route=\/wp\/v2\/users\/1"}],"replies":[{"embeddable":true,"href":"https:\/\/umlugarcomunidade.com.br\/index.php?rest_route=%2Fwp%2Fv2%2Fcomments&post=8"}],"version-history":[{"count":95,"href":"https:\/\/umlugarcomunidade.com.br\/index.php?rest_route=\/wp\/v2\/pages\/8\/revisions"}],"predecessor-version":[{"id":2845,"href":"https:\/\/umlugarcomunidade.com.br\/index.php?rest_route=\/wp\/v2\/pages\/8\/revisions\/2845"}],"wp:attachment":[{"href":"https:\/\/umlugarcomunidade.com.br\/index.php?rest_route=%2Fwp%2Fv2%2Fmedia&parent=8"}],"curies":[{"name":"wp","href":"https:\/\/api.w.org\/{rel}","templated":true}]}}