{"id":371,"date":"2023-04-03T09:56:59","date_gmt":"2023-04-03T12:56:59","guid":{"rendered":"https:\/\/umlugarcomunidade.com.br\/wp\/?page_id=371"},"modified":"2023-07-17T22:08:08","modified_gmt":"2023-07-18T01:08:08","slug":"our-story","status":"publish","type":"page","link":"https:\/\/umlugarcomunidade.com.br\/?page_id=371","title":{"rendered":"Nosso Pastor"},"content":{"rendered":"\t\t<div data-elementor-type=\"wp-page\" data-elementor-id=\"371\" class=\"elementor elementor-371\">\n\t\t\t\t\t\t<section class=\"elementor-section elementor-top-section elementor-element elementor-element-1bad28a1 elementor-section-full_width elementor-section-content-middle elementor-reverse-mobile elementor-section-height-min-height elementor-section-items-stretch elementor-section-height-default\" data-id=\"1bad28a1\" data-element_type=\"section\">\n\t\t\t\t\t\t<div class=\"elementor-container elementor-column-gap-no\">\n\t\t\t\t\t<div class=\"elementor-column elementor-col-50 elementor-top-column elementor-element elementor-element-e8333ac\" data-id=\"e8333ac\" data-element_type=\"column\" data-settings=\"{&quot;background_background&quot;:&quot;classic&quot;}\">\n\t\t\t<div class=\"elementor-widget-wrap elementor-element-populated\">\n\t\t\t\t\t\t<div class=\"elementor-element elementor-element-d13c99c elementor-widget elementor-widget-spacer\" data-id=\"d13c99c\" data-element_type=\"widget\" data-widget_type=\"spacer.default\">\n\t\t\t\t<div class=\"elementor-widget-container\">\n\t\t\t\t\t\t\t<div class=\"elementor-spacer\">\n\t\t\t<div class=\"elementor-spacer-inner\"><\/div>\n\t\t<\/div>\n\t\t\t\t\t\t<\/div>\n\t\t\t\t<\/div>\n\t\t\t\t\t<\/div>\n\t\t<\/div>\n\t\t\t\t<div class=\"elementor-column elementor-col-50 elementor-top-column elementor-element elementor-element-49189231\" data-id=\"49189231\" data-element_type=\"column\">\n\t\t\t<div class=\"elementor-widget-wrap elementor-element-populated\">\n\t\t\t\t\t\t<div class=\"elementor-element elementor-element-d2b127a elementor-widget elementor-widget-heading\" data-id=\"d2b127a\" data-element_type=\"widget\" data-widget_type=\"heading.default\">\n\t\t\t\t<div class=\"elementor-widget-container\">\n\t\t\t\t\t<h6 class=\"elementor-heading-title elementor-size-default\">EDSON NUNES JR<\/h6>\t\t\t\t<\/div>\n\t\t\t\t<\/div>\n\t\t\t\t<div class=\"elementor-element elementor-element-6e51f598 elementor-widget__width-initial elementor-invisible elementor-widget elementor-widget-heading\" data-id=\"6e51f598\" data-element_type=\"widget\" data-settings=\"{&quot;_animation&quot;:&quot;fadeIn&quot;}\" data-widget_type=\"heading.default\">\n\t\t\t\t<div class=\"elementor-widget-container\">\n\t\t\t\t\t<h2 class=\"elementor-heading-title elementor-size-default\">Nosso Pastor<\/h2>\t\t\t\t<\/div>\n\t\t\t\t<\/div>\n\t\t\t\t<div class=\"elementor-element elementor-element-f9b6ee9 elementor-invisible elementor-widget elementor-widget-text-editor\" data-id=\"f9b6ee9\" data-element_type=\"widget\" data-settings=\"{&quot;_animation&quot;:&quot;fadeIn&quot;,&quot;_animation_delay&quot;:400}\" data-widget_type=\"text-editor.default\">\n\t\t\t\t<div class=\"elementor-widget-container\">\n\t\t\t\t\t\t\t\t\t<p>Casado com Vanessa e pai de Daniel e Yossef.<\/p><p>Pastor e acad\u00eamico.<\/p><p><span lang=\"pt-BR\">Como acad\u00eamico, concluiu seu doutorado em Estudos Judaicos, com \u00eanfase em B\u00edblia Hebraica, em 2017, na USP. Tamb\u00e9m na USP, terminou seu mestrado em Estudos Judaicos, com \u00eanfase em B\u00edblia Hebraica, em 2012. \u00c9 formado em Letras (UNASP, 2004) e em Teologia (UNASP, 2004), com especializa\u00e7\u00e3o em Teologia B\u00edblica (UNASP, 2011). Ap\u00f3s o t\u00e9rmino do doutorado, fez um est\u00e1gio de p\u00f3s-doutorado na Universidade da Calif\u00f3rnia, Berkeley, no departamento de Estudos Judaicos, onde foi supervisionado pelo Dr. Robert Alter em uma pesquisa sobre comida e bebida na narrativa b\u00edblica. Durante quase 10 anos foi professor de Antigo Testamento na UNASP (2010-2019).<\/span><\/p><p><span lang=\"pt-BR\">Como pastor, atuou em algumas comunidades adventistas do s\u00e9timo dia por 18 anos (Judaica-Adventista, Nova Semente, CAJU, Homechurch de Perdizes, Cia da Vila). <\/span><\/p><p><span lang=\"pt-BR\">Atualmente \u00e9 pastor da Comunidade.<\/span><\/p>\t\t\t\t\t\t\t\t<\/div>\n\t\t\t\t<\/div>\n\t\t\t\t\t<\/div>\n\t\t<\/div>\n\t\t\t\t\t<\/div>\n\t\t<\/section>\n\t\t\t\t<\/div>\n\t\t","protected":false},"excerpt":{"rendered":"<p>EDSON NUNES JR Nosso Pastor Casado com Vanessa e pai de Daniel e Yossef. Pastor e acad\u00eamico. Como acad\u00eamico, concluiu seu doutorado em Estudos Judaicos, com \u00eanfase em B\u00edblia Hebraica, em 2017, na USP. Tamb\u00e9m na USP, terminou seu mestrado em Estudos Judaicos, com \u00eanfase em B\u00edblia Hebraica, em 2012. \u00c9 formado em Letras (UNASP,&hellip;&nbsp;<a href=\"https:\/\/umlugarcomunidade.com.br\/?page_id=371\" rel=\"bookmark\">Continue a ler &raquo;<span class=\"screen-reader-text\">Nosso Pastor<\/span><\/a><\/p>\n","protected":false},"author":1,"featured_media":0,"parent":0,"menu_order":0,"comment_status":"closed","ping_status":"closed","template":"elementor_header_footer","meta":{"neve_meta_sidebar":"","neve_meta_container":"","neve_meta_enable_content_width":"","neve_meta_content_width":0,"neve_meta_title_alignment":"","neve_meta_author_avatar":"","neve_post_elements_order":"","neve_meta_disable_header":"","neve_meta_disable_footer":"","neve_meta_disable_title":"","footnotes":""},"class_list":["post-371","page","type-page","status-publish","hentry"],"_links":{"self":[{"href":"https:\/\/umlugarcomunidade.com.br\/index.php?rest_route=\/wp\/v2\/pages\/371","targetHints":{"allow":["GET"]}}],"collection":[{"href":"https:\/\/umlugarcomunidade.com.br\/index.php?rest_route=\/wp\/v2\/pages"}],"about":[{"href":"https:\/\/umlugarcomunidade.com.br\/index.php?rest_route=\/wp\/v2\/types\/page"}],"author":[{"embeddable":true,"href":"https:\/\/umlugarcomunidade.com.br\/index.php?rest_route=\/wp\/v2\/users\/1"}],"replies":[{"embeddable":true,"href":"https:\/\/umlugarcomunidade.com.br\/index.php?rest_route=%2Fwp%2Fv2%2Fcomments&post=371"}],"version-history":[{"count":51,"href":"https:\/\/umlugarcomunidade.com.br\/index.php?rest_route=\/wp\/v2\/pages\/371\/revisions"}],"predecessor-version":[{"id":2049,"href":"https:\/\/umlugarcomunidade.com.br\/index.php?rest_route=\/wp\/v2\/pages\/371\/revisions\/2049"}],"wp:attachment":[{"href":"https:\/\/umlugarcomunidade.com.br\/index.php?rest_route=%2Fwp%2Fv2%2Fmedia&parent=371"}],"curies":[{"name":"wp","href":"https:\/\/api.w.org\/{rel}","templated":true}]}}