{"id":2999,"date":"2025-09-02T18:49:19","date_gmt":"2025-09-02T21:49:19","guid":{"rendered":"https:\/\/umlugarcomunidade.com.br\/wp\/?page_id=2999"},"modified":"2025-09-02T18:52:33","modified_gmt":"2025-09-02T21:52:33","slug":"membro","status":"publish","type":"page","link":"https:\/\/umlugarcomunidade.com.br\/?page_id=2999","title":{"rendered":"Membro"},"content":{"rendered":"\t\t<div data-elementor-type=\"wp-page\" data-elementor-id=\"2999\" class=\"elementor elementor-2999\">\n\t\t\t\t<div class=\"elementor-element elementor-element-44156d3 e-flex e-con-boxed e-con e-parent\" data-id=\"44156d3\" data-element_type=\"container\">\n\t\t\t\t\t<div class=\"e-con-inner\">\n\t\t\t\t<div class=\"elementor-element elementor-element-8f90492 elementor-widget elementor-widget-heading\" data-id=\"8f90492\" data-element_type=\"widget\" data-widget_type=\"heading.default\">\n\t\t\t\t<div class=\"elementor-widget-container\">\n\t\t\t\t\t<h2 class=\"elementor-heading-title elementor-size-default\">Cadastro de Membro<\/h2>\t\t\t\t<\/div>\n\t\t\t\t<\/div>\n\t\t<div class=\"elementor-element elementor-element-f0f9f21 e-con-full e-flex e-con e-child\" data-id=\"f0f9f21\" data-element_type=\"container\">\n\t\t<div class=\"elementor-element elementor-element-532df8f e-con-full e-flex e-con e-child\" data-id=\"532df8f\" data-element_type=\"container\">\n\t\t<div class=\"elementor-element elementor-element-a1bd74d e-con-full e-flex e-con e-child\" data-id=\"a1bd74d\" data-element_type=\"container\">\n\t\t\t\t<div class=\"elementor-element elementor-element-f9c0321 elementor-widget elementor-widget-wpforms\" data-id=\"f9c0321\" data-element_type=\"widget\" data-widget_type=\"wpforms.default\">\n\t\t\t\t<div class=\"elementor-widget-container\">\n\t\t\t\t\t<div class=\"wpforms-container wpforms-container-full wpforms-render-modern\" id=\"wpforms-2995\"><form id=\"wpforms-form-2995\" class=\"wpforms-validate wpforms-form wpforms-ajax-form\" data-formid=\"2995\" method=\"post\" enctype=\"multipart\/form-data\" action=\"\/index.php?rest_route=%2Fwp%2Fv2%2Fpages%2F2999\" data-token=\"8499243504222685c60645fe5b44d178\" data-token-time=\"1775560667\"><noscript class=\"wpforms-error-noscript\">Ative o JavaScript no seu navegador para preencher este formul\u00e1rio.<\/noscript><div id=\"wpforms-error-noscript\" style=\"display: none;\">Ative o JavaScript no seu navegador para preencher este formul\u00e1rio.<\/div><div class=\"wpforms-field-container\"><div id=\"wpforms-2995-field_1-container\" class=\"wpforms-field wpforms-field-text\" data-field-id=\"1\"><label class=\"wpforms-field-label\" for=\"wpforms-2995-field_1\">Nome completo <span class=\"wpforms-required-label\" aria-hidden=\"true\">*<\/span><\/label><input type=\"text\" id=\"wpforms-2995-field_1\" class=\"wpforms-field-large wpforms-field-required\" name=\"wpforms[fields][1]\" aria-errormessage=\"wpforms-2995-field_1-error\" required><\/div><div id=\"wpforms-2995-field_2-container\" class=\"wpforms-field wpforms-field-text\" data-field-id=\"2\"><label class=\"wpforms-field-label\" for=\"wpforms-2995-field_2\">Data de Nascimento <span class=\"wpforms-required-label\" aria-hidden=\"true\">*<\/span><\/label><input type=\"text\" id=\"wpforms-2995-field_2\" class=\"wpforms-field-small wpforms-field-required\" name=\"wpforms[fields][2]\" aria-errormessage=\"wpforms-2995-field_2-error\" required><\/div><div id=\"wpforms-2995-field_4-container\" class=\"wpforms-field wpforms-field-text\" data-field-id=\"4\"><label class=\"wpforms-field-label\" for=\"wpforms-2995-field_4\">Sexo\/identidade de g\u00eanero <span class=\"wpforms-required-label\" aria-hidden=\"true\">*<\/span><\/label><input type=\"text\" id=\"wpforms-2995-field_4\" class=\"wpforms-field-medium wpforms-field-required\" name=\"wpforms[fields][4]\" aria-errormessage=\"wpforms-2995-field_4-error\" required><\/div><div id=\"wpforms-2995-field_5-container\" class=\"wpforms-field wpforms-field-text\" data-field-id=\"5\"><label class=\"wpforms-field-label\" for=\"wpforms-2995-field_5\">Nome do c\u00f4njuge (se aplic\u00e1vel)<\/label><input type=\"text\" id=\"wpforms-2995-field_5\" class=\"wpforms-field-large\" name=\"wpforms[fields][5]\" aria-errormessage=\"wpforms-2995-field_5-error\" ><\/div><div id=\"wpforms-2995-field_6-container\" class=\"wpforms-field wpforms-field-text\" data-field-id=\"6\"><label class=\"wpforms-field-label\" for=\"wpforms-2995-field_6\">Numero de filhos e idades (se aplic\u00e1vel)<\/label><input type=\"text\" id=\"wpforms-2995-field_6\" class=\"wpforms-field-medium\" name=\"wpforms[fields][6]\" aria-errormessage=\"wpforms-2995-field_6-error\" ><\/div><div id=\"wpforms-2995-field_7-container\" class=\"wpforms-field wpforms-field-text\" data-field-id=\"7\"><label class=\"wpforms-field-label\" for=\"wpforms-2995-field_7\">Documento de identifica\u00e7\u00e3o (CPF, RG...) <\/label><input type=\"text\" id=\"wpforms-2995-field_7\" class=\"wpforms-field-medium\" name=\"wpforms[fields][7]\" aria-errormessage=\"wpforms-2995-field_7-error\" ><\/div><div id=\"wpforms-2995-field_10-container\" class=\"wpforms-field wpforms-field-text\" data-field-id=\"10\"><label class=\"wpforms-field-label\" for=\"wpforms-2995-field_10\">Endere\u00e7o Completo (Rua, AV.. n\u00famero e complemento) <span class=\"wpforms-required-label\" aria-hidden=\"true\">*<\/span><\/label><input type=\"text\" id=\"wpforms-2995-field_10\" class=\"wpforms-field-large wpforms-field-required\" name=\"wpforms[fields][10]\" aria-errormessage=\"wpforms-2995-field_10-error\" required><\/div><div id=\"wpforms-2995-field_21-container\" class=\"wpforms-field wpforms-field-text\" data-field-id=\"21\"><label class=\"wpforms-field-label\" for=\"wpforms-2995-field_21\">Bairro <span class=\"wpforms-required-label\" aria-hidden=\"true\">*<\/span><\/label><input type=\"text\" id=\"wpforms-2995-field_21\" class=\"wpforms-field-medium wpforms-field-required\" name=\"wpforms[fields][21]\" aria-errormessage=\"wpforms-2995-field_21-error\" required><\/div><div id=\"wpforms-2995-field_22-container\" class=\"wpforms-field wpforms-field-text\" data-field-id=\"22\"><label class=\"wpforms-field-label\" for=\"wpforms-2995-field_22\">Cidade <span class=\"wpforms-required-label\" aria-hidden=\"true\">*<\/span><\/label><input type=\"text\" id=\"wpforms-2995-field_22\" class=\"wpforms-field-medium wpforms-field-required\" name=\"wpforms[fields][22]\" aria-errormessage=\"wpforms-2995-field_22-error\" required><\/div><div id=\"wpforms-2995-field_23-container\" class=\"wpforms-field wpforms-field-text\" data-field-id=\"23\"><label class=\"wpforms-field-label\" for=\"wpforms-2995-field_23\">Pa\u00eds <span class=\"wpforms-required-label\" aria-hidden=\"true\">*<\/span><\/label><input type=\"text\" id=\"wpforms-2995-field_23\" class=\"wpforms-field-medium wpforms-field-required\" name=\"wpforms[fields][23]\" aria-errormessage=\"wpforms-2995-field_23-error\" required><\/div><div id=\"wpforms-2995-field_11-container\" class=\"wpforms-field wpforms-field-text\" data-field-id=\"11\"><label class=\"wpforms-field-label\" for=\"wpforms-2995-field_11\">Telefone <span class=\"wpforms-required-label\" aria-hidden=\"true\">*<\/span><\/label><input type=\"text\" id=\"wpforms-2995-field_11\" class=\"wpforms-field-small wpforms-field-required\" name=\"wpforms[fields][11]\" aria-errormessage=\"wpforms-2995-field_11-error\" required><\/div><div id=\"wpforms-2995-field_12-container\" class=\"wpforms-field wpforms-field-email\" data-field-id=\"12\"><label class=\"wpforms-field-label\" for=\"wpforms-2995-field_12\">E-mail <span class=\"wpforms-required-label\" aria-hidden=\"true\">*<\/span><\/label><input type=\"email\" id=\"wpforms-2995-field_12\" class=\"wpforms-field-medium wpforms-field-required\" name=\"wpforms[fields][12]\" spellcheck=\"false\" aria-errormessage=\"wpforms-2995-field_12-error\" required><\/div><div id=\"wpforms-2995-field_13-container\" class=\"wpforms-field wpforms-field-text\" data-field-id=\"13\"><label class=\"wpforms-field-label\" for=\"wpforms-2995-field_13\"> \u2060Igreja de origem (se transfer\u00eancia) ou a comunidade \u00e9 a sua \u00fanica igreja hoje <span class=\"wpforms-required-label\" aria-hidden=\"true\">*<\/span><\/label><input type=\"text\" id=\"wpforms-2995-field_13\" class=\"wpforms-field-medium wpforms-field-required\" name=\"wpforms[fields][13]\" aria-errormessage=\"wpforms-2995-field_13-error\" required><\/div><div id=\"wpforms-2995-field_14-container\" class=\"wpforms-field wpforms-field-radio\" data-field-id=\"14\"><fieldset><legend class=\"wpforms-field-label\">Tem interesse em tornar volunt\u00e1rio?<\/legend><ul id=\"wpforms-2995-field_14\"><li class=\"choice-1 depth-1\"><input type=\"radio\" id=\"wpforms-2995-field_14_1\" name=\"wpforms[fields][14]\" value=\"Sim\" aria-errormessage=\"wpforms-2995-field_14_1-error\"  ><label class=\"wpforms-field-label-inline\" for=\"wpforms-2995-field_14_1\">Sim<\/label><\/li><li class=\"choice-2 depth-1\"><input type=\"radio\" id=\"wpforms-2995-field_14_2\" name=\"wpforms[fields][14]\" value=\"N\u00e3o\" aria-errormessage=\"wpforms-2995-field_14_2-error\"  ><label class=\"wpforms-field-label-inline\" for=\"wpforms-2995-field_14_2\">N\u00e3o<\/label><\/li><\/ul><\/fieldset><\/div><div id=\"wpforms-2995-field_15-container\" class=\"wpforms-field wpforms-field-text\" data-field-id=\"15\"><label class=\"wpforms-field-label\" for=\"wpforms-2995-field_15\">Minist\u00e9rios que gostaria de participar<\/label><input type=\"text\" id=\"wpforms-2995-field_15\" class=\"wpforms-field-large\" name=\"wpforms[fields][15]\" aria-errormessage=\"wpforms-2995-field_15-error\" ><\/div><div id=\"wpforms-2995-field_16-container\" class=\"wpforms-field wpforms-field-text\" data-field-id=\"16\"><label class=\"wpforms-field-label\" for=\"wpforms-2995-field_16\">Pertence a algum PG? Qual?<\/label><input type=\"text\" id=\"wpforms-2995-field_16\" class=\"wpforms-field-medium\" name=\"wpforms[fields][16]\" aria-errormessage=\"wpforms-2995-field_16-error\" ><\/div>\t\t<div id=\"wpforms-2995-field_3-container\"\n\t\t\tclass=\"wpforms-field wpforms-field-text\"\n\t\t\tdata-field-type=\"text\"\n\t\t\tdata-field-id=\"3\"\n\t\t\t>\n\t\t\t<label class=\"wpforms-field-label\" for=\"wpforms-2995-field_3\" >(se Nome <\/label>\n\t\t\t<input type=\"text\" id=\"wpforms-2995-field_3\" class=\"wpforms-field-medium\" name=\"wpforms[fields][3]\" >\n\t\t<\/div>\n\t\t<div id=\"wpforms-2995-field_17-container\" class=\"wpforms-field wpforms-field-select wpforms-field-select-style-classic\" data-field-id=\"17\"><label class=\"wpforms-field-label\" for=\"wpforms-2995-field_17\">\u2060Assiste a comunidade presencial, online ou hibrido?<\/label><select id=\"wpforms-2995-field_17\" class=\"wpforms-field-medium\" name=\"wpforms[fields][17]\"><option value=\"Presencial\"  class=\"choice-1 depth-1\"  >Presencial<\/option><option value=\"Online\"  class=\"choice-2 depth-1\"  >Online<\/option><option value=\"H\u00edbrido\"  class=\"choice-3 depth-1\"  >H\u00edbrido<\/option><\/select><\/div><div id=\"wpforms-2995-field_19-container\" class=\"wpforms-field wpforms-field-select wpforms-field-select-style-classic\" data-field-id=\"19\"><label class=\"wpforms-field-label\" for=\"wpforms-2995-field_19\">Possui alguma necessidade especial?<\/label><select id=\"wpforms-2995-field_19\" class=\"wpforms-field-medium\" name=\"wpforms[fields][19]\"><option value=\"N\u00e3o\"  class=\"choice-6 depth-1\"  >N\u00e3o<\/option><option value=\"Sa\u00fade\"  class=\"choice-5 depth-1\"  >Sa\u00fade<\/option><option value=\"Acessibilidade\"  class=\"choice-2 depth-1\"  >Acessibilidade<\/option><option value=\"Apoio social\"  class=\"choice-3 depth-1\"  >Apoio social<\/option><option value=\"Outros\"  class=\"choice-4 depth-1\"  >Outros<\/option><\/select><\/div><div id=\"wpforms-2995-field_20-container\" class=\"wpforms-field wpforms-field-radio\" data-field-id=\"20\"><fieldset><legend class=\"wpforms-field-label\"> <\/legend><ul id=\"wpforms-2995-field_20\"><li class=\"choice-1 depth-1\"><input type=\"radio\" id=\"wpforms-2995-field_20_1\" name=\"wpforms[fields][20]\" value=\"De acordo com a Lei Geral de Prote\u00e7\u00e3o de Dados (LGPD), autorizo o uso exclusivo dos dados fornecidos neste formul\u00e1rio para fins de planejamento, comunica\u00e7\u00e3o interna e organiza\u00e7\u00e3o das atividades\u00a0da\u00a0Comunidade\" aria-errormessage=\"wpforms-2995-field_20_1-error\"  ><label class=\"wpforms-field-label-inline\" for=\"wpforms-2995-field_20_1\">De acordo com a Lei Geral de Prote\u00e7\u00e3o de Dados (LGPD), autorizo o uso exclusivo dos dados fornecidos neste formul\u00e1rio para fins de planejamento, comunica\u00e7\u00e3o interna e organiza\u00e7\u00e3o das atividades\u00a0da\u00a0Comunidade<\/label><\/li><\/ul><\/fieldset><\/div><script>\n\t\t\t\t( function() {\n\t\t\t\t\tconst style = document.createElement( 'style' );\n\t\t\t\t\tstyle.appendChild( document.createTextNode( '#wpforms-2995-field_3-container { position: absolute !important; overflow: hidden !important; display: inline !important; height: 1px !important; width: 1px !important; z-index: -1000 !important; padding: 0 !important; } #wpforms-2995-field_3-container input { visibility: hidden; } #wpforms-conversational-form-page #wpforms-2995-field_3-container label { counter-increment: none; }' ) );\n\t\t\t\t\tdocument.head.appendChild( style );\n\t\t\t\t\tdocument.currentScript?.remove();\n\t\t\t\t} )();\n\t\t\t<\/script><\/div><!-- .wpforms-field-container --><div class=\"wpforms-submit-container\" ><input type=\"hidden\" name=\"wpforms[id]\" value=\"2995\"><input type=\"hidden\" name=\"page_title\" value=\"\"><input type=\"hidden\" name=\"page_url\" value=\"https:\/\/umlugarcomunidade.com.br\/index.php?rest_route=\/wp\/v2\/pages\/2999\"><input type=\"hidden\" name=\"url_referer\" value=\"\"><button type=\"submit\" name=\"wpforms[submit]\" id=\"wpforms-submit-2995\" class=\"wpforms-submit\" data-alt-text=\"Enviando\u2026\" data-submit-text=\"Enviar\" aria-live=\"assertive\" value=\"wpforms-submit\">Enviar<\/button><img decoding=\"async\" src=\"https:\/\/umlugarcomunidade.com.br\/wp\/wp-content\/plugins\/wpforms-lite\/assets\/images\/submit-spin.svg\" class=\"wpforms-submit-spinner\" style=\"display: none;\" width=\"26\" height=\"26\" alt=\"Carregando\"><\/div><\/form><\/div>  <!-- .wpforms-container -->\t\t\t\t<\/div>\n\t\t\t\t<\/div>\n\t\t\t\t<\/div>\n\t\t<div class=\"elementor-element elementor-element-d2db6f1 e-con-full e-flex e-con e-child\" data-id=\"d2db6f1\" data-element_type=\"container\">\n\t\t\t\t<\/div>\n\t\t\t\t<\/div>\n\t\t\t\t<\/div>\n\t\t\t\t\t<\/div>\n\t\t\t\t<\/div>\n\t\t\t\t<\/div>\n\t\t","protected":false},"excerpt":{"rendered":"<p>Cadastro de Membro Ative o JavaScript no seu navegador para preencher este formul\u00e1rio.Ative o JavaScript no seu navegador para preencher este formul\u00e1rio.Nome completo *Data de Nascimento *Sexo\/identidade de g\u00eanero *Nome do c\u00f4njuge (se aplic\u00e1vel)Numero de filhos e idades (se aplic\u00e1vel)Documento de identifica\u00e7\u00e3o (CPF, RG&#8230;) Endere\u00e7o Completo *Telefone *E-mail * \u2060Igreja de origem (se transfer\u00eancia) ou&hellip;&nbsp;<a href=\"https:\/\/umlugarcomunidade.com.br\/?page_id=2999\" rel=\"bookmark\">Continue a ler &raquo;<span class=\"screen-reader-text\">Membro<\/span><\/a><\/p>\n","protected":false},"author":1,"featured_media":0,"parent":0,"menu_order":0,"comment_status":"closed","ping_status":"closed","template":"page-templates\/template-pagebuilder-full-width.php","meta":{"neve_meta_sidebar":"","neve_meta_container":"","neve_meta_enable_content_width":"","neve_meta_content_width":0,"neve_meta_title_alignment":"","neve_meta_author_avatar":"","neve_post_elements_order":"","neve_meta_disable_header":"","neve_meta_disable_footer":"","neve_meta_disable_title":"","footnotes":""},"class_list":["post-2999","page","type-page","status-publish","hentry"],"_links":{"self":[{"href":"https:\/\/umlugarcomunidade.com.br\/index.php?rest_route=\/wp\/v2\/pages\/2999","targetHints":{"allow":["GET"]}}],"collection":[{"href":"https:\/\/umlugarcomunidade.com.br\/index.php?rest_route=\/wp\/v2\/pages"}],"about":[{"href":"https:\/\/umlugarcomunidade.com.br\/index.php?rest_route=\/wp\/v2\/types\/page"}],"author":[{"embeddable":true,"href":"https:\/\/umlugarcomunidade.com.br\/index.php?rest_route=\/wp\/v2\/users\/1"}],"replies":[{"embeddable":true,"href":"https:\/\/umlugarcomunidade.com.br\/index.php?rest_route=%2Fwp%2Fv2%2Fcomments&post=2999"}],"version-history":[{"count":7,"href":"https:\/\/umlugarcomunidade.com.br\/index.php?rest_route=\/wp\/v2\/pages\/2999\/revisions"}],"predecessor-version":[{"id":3007,"href":"https:\/\/umlugarcomunidade.com.br\/index.php?rest_route=\/wp\/v2\/pages\/2999\/revisions\/3007"}],"wp:attachment":[{"href":"https:\/\/umlugarcomunidade.com.br\/index.php?rest_route=%2Fwp%2Fv2%2Fmedia&parent=2999"}],"curies":[{"name":"wp","href":"https:\/\/api.w.org\/{rel}","templated":true}]}}