{"id":2261,"date":"2023-12-03T09:32:38","date_gmt":"2023-12-03T12:32:38","guid":{"rendered":"https:\/\/umlugarcomunidade.com.br\/wp\/?page_id=2261"},"modified":"2024-01-20T13:08:57","modified_gmt":"2024-01-20T16:08:57","slug":"visoes-de-deus","status":"publish","type":"page","link":"https:\/\/umlugarcomunidade.com.br\/?page_id=2261","title":{"rendered":"Visoes de Deus"},"content":{"rendered":"\t\t<div data-elementor-type=\"wp-page\" data-elementor-id=\"2261\" class=\"elementor elementor-2261\">\n\t\t\t\t<div class=\"elementor-element elementor-element-3c6d00b2 e-flex e-con-boxed e-con e-parent\" data-id=\"3c6d00b2\" data-element_type=\"container\">\n\t\t\t\t\t<div class=\"e-con-inner\">\n\t\t\t\t<div class=\"elementor-element elementor-element-7c02874b elementor-invisible elementor-widget elementor-widget-heading\" data-id=\"7c02874b\" data-element_type=\"widget\" data-settings=\"{&quot;_animation&quot;:&quot;fadeIn&quot;}\" data-widget_type=\"heading.default\">\n\t\t\t\t<div class=\"elementor-widget-container\">\n\t\t\t\t\t<h2 class=\"elementor-heading-title elementor-size-default\">Vis\u00f5es de Deus<\/h2>\t\t\t\t<\/div>\n\t\t\t\t<\/div>\n\t\t\t\t\t<\/div>\n\t\t\t\t<\/div>\n\t\t<div class=\"elementor-element elementor-element-dfbf4a4 e-flex e-con-boxed e-con e-parent\" data-id=\"dfbf4a4\" data-element_type=\"container\">\n\t\t\t\t\t<div class=\"e-con-inner\">\n\t\t<div class=\"elementor-element elementor-element-6cc42d5c e-con-full e-flex e-con e-parent\" data-id=\"6cc42d5c\" data-element_type=\"container\">\n\t\t\t\t<div class=\"elementor-element elementor-element-226fd8e8 elementor-widget elementor-widget-text-editor\" data-id=\"226fd8e8\" data-element_type=\"widget\" data-widget_type=\"text-editor.default\">\n\t\t\t\t<div class=\"elementor-widget-container\">\n\t\t\t\t\t\t\t\t\t<p>Deus revelou-se de muitas maneiras ao longo da hist\u00f3ria. Nos relatos da B\u00edblia, Deus, Todo-Poderoso, escolheu revelar-se de in\u00fameras formas para in\u00fameras pessoas, inclusive por meio de Seu filho, Jesus Cristo. Essas revela\u00e7\u00f5es de Deus carregam entre si similaridades e diferen\u00e7as interessantes. Entretanto, o aspecto mais importante \u00e9 justamente que Ele se revela. Deus escolhe aparecer e ser visto, falar e ser ouvido, encarnar e ser tocado. Essa realidade sobre Deus sempre O aproxima de n\u00f3s.<br \/>Texto base: Hebreus 1:1-4<\/p>\t\t\t\t\t\t\t\t<\/div>\n\t\t\t\t<\/div>\n\t\t\t\t<\/div>\n\t\t<div class=\"elementor-element elementor-element-cc3b402 e-con-full e-flex e-con e-parent\" data-id=\"cc3b402\" data-element_type=\"container\">\n\t\t\t\t<div class=\"elementor-element elementor-element-ac23a6f elementor-widget elementor-widget-video\" data-id=\"ac23a6f\" data-element_type=\"widget\" data-settings=\"{&quot;youtube_url&quot;:&quot;https:\\\/\\\/www.youtube.com\\\/watch?v=hJpsPTte8MY&quot;,&quot;video_type&quot;:&quot;youtube&quot;,&quot;controls&quot;:&quot;yes&quot;}\" data-widget_type=\"video.default\">\n\t\t\t\t<div class=\"elementor-widget-container\">\n\t\t\t\t\t\t\t<div class=\"elementor-wrapper elementor-open-inline\">\n\t\t\t<div class=\"elementor-video\"><\/div>\t\t<\/div>\n\t\t\t\t\t\t<\/div>\n\t\t\t\t<\/div>\n\t\t\t\t<div class=\"elementor-element elementor-element-ad2bf7c elementor-widget elementor-widget-text-editor\" data-id=\"ad2bf7c\" data-element_type=\"widget\" data-widget_type=\"text-editor.default\">\n\t\t\t\t<div class=\"elementor-widget-container\">\n\t\t\t\t\t\t\t\t\t<p>Entender que Deus se revela de in\u00fameras maneiras \u00e9 um aprendizado vital contido na leitura da B\u00edblia. Deus se revelou em sonhos, vis\u00f5es, encontros f\u00edsicos e, principalmente, atrav\u00e9s de Jesus. Jesus \u00e9 a revela\u00e7\u00e3o m\u00e1xima de Deus. Os disc\u00edpulos tiveram uma vis\u00e3o da divindade de Jesus em determinado momento e, o pr\u00f3prio Jesus apareceu em vis\u00e3o a dois seguidores que iam para Ema\u00fas. N\u00e3o existe maior vis\u00e3o de Deus do que a encarna\u00e7\u00e3o de Jesus.<\/p><p>Texto base: Lucas 24<\/p>\t\t\t\t\t\t\t\t<\/div>\n\t\t\t\t<\/div>\n\t\t\t\t<div class=\"elementor-element elementor-element-bb39a43 elementor-widget elementor-widget-video\" data-id=\"bb39a43\" data-element_type=\"widget\" data-settings=\"{&quot;youtube_url&quot;:&quot;https:\\\/\\\/www.youtube.com\\\/watch?v=AJuWIbeZMOk&quot;,&quot;video_type&quot;:&quot;youtube&quot;,&quot;controls&quot;:&quot;yes&quot;}\" data-widget_type=\"video.default\">\n\t\t\t\t<div class=\"elementor-widget-container\">\n\t\t\t\t\t\t\t<div class=\"elementor-wrapper elementor-open-inline\">\n\t\t\t<div class=\"elementor-video\"><\/div>\t\t<\/div>\n\t\t\t\t\t\t<\/div>\n\t\t\t\t<\/div>\n\t\t\t\t<div class=\"elementor-element elementor-element-7ffadf9 elementor-widget elementor-widget-text-editor\" data-id=\"7ffadf9\" data-element_type=\"widget\" data-widget_type=\"text-editor.default\">\n\t\t\t\t<div class=\"elementor-widget-container\">\n\t\t\t\t\t\t\t\t\t<p>Apocalipse de Jo\u00e3o \u00e9 marcado por v\u00e1rias vis\u00f5es que o profeta teve enquanto estava encarcerado na ilha de Patmos. Entre todas as vis\u00f5es escatol\u00f3gicas, a vis\u00e3o do trono de Deus destaca-se por apresentar muitas similaridades com as vis\u00f5es de Isa\u00edas, Ezequiel e Daniel. Deus, mais uma vez, est\u00e1 em um trono e decididamente conduz o desfecho final da hist\u00f3ria da humanidade.<\/p><p>Texto base: Apocalipse 4 e 5<\/p>\t\t\t\t\t\t\t\t<\/div>\n\t\t\t\t<\/div>\n\t\t\t\t<div class=\"elementor-element elementor-element-1a19181 elementor-widget elementor-widget-video\" data-id=\"1a19181\" data-element_type=\"widget\" data-settings=\"{&quot;youtube_url&quot;:&quot;https:\\\/\\\/www.youtube.com\\\/watch?v=cTmvKipUDC0&quot;,&quot;video_type&quot;:&quot;youtube&quot;,&quot;controls&quot;:&quot;yes&quot;}\" data-widget_type=\"video.default\">\n\t\t\t\t<div class=\"elementor-widget-container\">\n\t\t\t\t\t\t\t<div class=\"elementor-wrapper elementor-open-inline\">\n\t\t\t<div class=\"elementor-video\"><\/div>\t\t<\/div>\n\t\t\t\t\t\t<\/div>\n\t\t\t\t<\/div>\n\t\t\t\t<div class=\"elementor-element elementor-element-14e2adf elementor-widget elementor-widget-text-editor\" data-id=\"14e2adf\" data-element_type=\"widget\" data-widget_type=\"text-editor.default\">\n\t\t\t\t<div class=\"elementor-widget-container\">\n\t\t\t\t\t\t\t\t\t<p>Paulo tem uma vis\u00e3o de Deus que muda sua hist\u00f3ria. Essa vis\u00e3o \u00e9 sempre acessada por ele para testemunhar do poder de Deus. At\u00e9 o final de sua vida, Paulo conta o que viu de Deus e como isso o transformou e lhe deu prop\u00f3sito para ser um novo homem.<br \/>Texto base: Atos 26<\/p>\t\t\t\t\t\t\t\t<\/div>\n\t\t\t\t<\/div>\n\t\t\t\t<div class=\"elementor-element elementor-element-6af5627 elementor-widget elementor-widget-video\" data-id=\"6af5627\" data-element_type=\"widget\" data-settings=\"{&quot;youtube_url&quot;:&quot;https:\\\/\\\/www.youtube.com\\\/watch?v=zguZwEDLOww&quot;,&quot;video_type&quot;:&quot;youtube&quot;,&quot;controls&quot;:&quot;yes&quot;}\" data-widget_type=\"video.default\">\n\t\t\t\t<div class=\"elementor-widget-container\">\n\t\t\t\t\t\t\t<div class=\"elementor-wrapper elementor-open-inline\">\n\t\t\t<div class=\"elementor-video\"><\/div>\t\t<\/div>\n\t\t\t\t\t\t<\/div>\n\t\t\t\t<\/div>\n\t\t\t\t<div class=\"elementor-element elementor-element-7e20b8f elementor-widget elementor-widget-text-editor\" data-id=\"7e20b8f\" data-element_type=\"widget\" data-widget_type=\"text-editor.default\">\n\t\t\t\t<div class=\"elementor-widget-container\">\n\t\t\t\t\t\t\t\t\t<p>O livro de Daniel \u00e9 marcado por diversas vis\u00f5es. Daniel v\u00ea o trono de Deus, o Seu santu\u00e1rio e o Seu pr\u00edncipe. S\u00e3o vis\u00f5es que direcionam o profeta e seus leitores para a realidade marcante de que Deus executar\u00e1 ju\u00edzo e conduzir\u00e1 a hist\u00f3ria da humanidade para o desfecho que Ele deseja. <br \/>Texto base: Daniel 7<\/p>\t\t\t\t\t\t\t\t<\/div>\n\t\t\t\t<\/div>\n\t\t\t\t<div class=\"elementor-element elementor-element-3a02b29 elementor-widget elementor-widget-video\" data-id=\"3a02b29\" data-element_type=\"widget\" data-settings=\"{&quot;youtube_url&quot;:&quot;https:\\\/\\\/www.youtube.com\\\/watch?v=qhnReZ1u1bY&quot;,&quot;video_type&quot;:&quot;youtube&quot;,&quot;controls&quot;:&quot;yes&quot;}\" data-widget_type=\"video.default\">\n\t\t\t\t<div class=\"elementor-widget-container\">\n\t\t\t\t\t\t\t<div class=\"elementor-wrapper elementor-open-inline\">\n\t\t\t<div class=\"elementor-video\"><\/div>\t\t<\/div>\n\t\t\t\t\t\t<\/div>\n\t\t\t\t<\/div>\n\t\t\t\t<div class=\"elementor-element elementor-element-d80d310 elementor-widget elementor-widget-text-editor\" data-id=\"d80d310\" data-element_type=\"widget\" data-widget_type=\"text-editor.default\">\n\t\t\t\t<div class=\"elementor-widget-container\">\n\t\t\t\t\t\t\t\t\t<p>O profeta Ezequiel tem uma vis\u00e3o do trono de Deus que despertou a criatividade de artistas ao longo da hist\u00f3ria. Uma descri\u00e7\u00e3o confusa e complexa de rodas, querubins, asas, estrondos e metais. Essa vis\u00e3o enfatiza um ponto que se repete ao longo de todo livro, marcando todas as vis\u00f5es do profeta: a gl\u00f3ria de Deus enche toda a terra e Ele se faz e se far\u00e1 presente para os seus filhos.<br \/>Texto base: Ezequiel 1<\/p>\t\t\t\t\t\t\t\t<\/div>\n\t\t\t\t<\/div>\n\t\t\t\t<div class=\"elementor-element elementor-element-c0721d6 elementor-widget elementor-widget-video\" data-id=\"c0721d6\" data-element_type=\"widget\" data-settings=\"{&quot;youtube_url&quot;:&quot;https:\\\/\\\/www.youtube.com\\\/watch?v=5Wt9t2RbnMQ&quot;,&quot;video_type&quot;:&quot;youtube&quot;,&quot;controls&quot;:&quot;yes&quot;}\" data-widget_type=\"video.default\">\n\t\t\t\t<div class=\"elementor-widget-container\">\n\t\t\t\t\t\t\t<div class=\"elementor-wrapper elementor-open-inline\">\n\t\t\t<div class=\"elementor-video\"><\/div>\t\t<\/div>\n\t\t\t\t\t\t<\/div>\n\t\t\t\t<\/div>\n\t\t\t\t<div class=\"elementor-element elementor-element-b3e5aa9 elementor-widget elementor-widget-text-editor\" data-id=\"b3e5aa9\" data-element_type=\"widget\" data-widget_type=\"text-editor.default\">\n\t\t\t\t<div class=\"elementor-widget-container\">\n\t\t\t\t\t\t\t\t\t<p>A vis\u00e3o que o profeta Isa\u00edas tem de Deus \u00e9 marcada por uma consci\u00eancia da santidade do Senhor em paralelo com a sua pr\u00f3pria impureza. Isa\u00edas n\u00e3o apenas v\u00ea o trono de Deus, mas participa da vis\u00e3o, o que aponta para um papel representativo: como ele foi purificado, todo o povo tamb\u00e9m poder\u00e1 ser purificado. O que Isa\u00edas v\u00ea e experimenta \u00e9, em \u00faltima medida, o que o povo ver\u00e1 e experimentar\u00e1.<br \/>Texto\u00a0base:\u00a0Isa\u00edas\u00a06<\/p>\t\t\t\t\t\t\t\t<\/div>\n\t\t\t\t<\/div>\n\t\t\t\t<div class=\"elementor-element elementor-element-6e8addb elementor-widget elementor-widget-video\" data-id=\"6e8addb\" data-element_type=\"widget\" data-settings=\"{&quot;youtube_url&quot;:&quot;https:\\\/\\\/www.youtube.com\\\/watch?v=hwV1BKz5GZU&quot;,&quot;video_type&quot;:&quot;youtube&quot;,&quot;controls&quot;:&quot;yes&quot;}\" data-widget_type=\"video.default\">\n\t\t\t\t<div class=\"elementor-widget-container\">\n\t\t\t\t\t\t\t<div class=\"elementor-wrapper elementor-open-inline\">\n\t\t\t<div class=\"elementor-video\"><\/div>\t\t<\/div>\n\t\t\t\t\t\t<\/div>\n\t\t\t\t<\/div>\n\t\t\t\t<div class=\"elementor-element elementor-element-efa1b5e elementor-widget elementor-widget-text-editor\" data-id=\"efa1b5e\" data-element_type=\"widget\" data-widget_type=\"text-editor.default\">\n\t\t\t\t<div class=\"elementor-widget-container\">\n\t\t\t\t\t\t\t\t\t<p>Mois\u00e9s, o profeta por excel\u00eancia, recebe o chamado de Deus para ser o libertador de Israel ao ver uma sar\u00e7a que queimava, mas n\u00e3o era consumida. A curiosidade de ver o levou para perto do arbusto, mas, ao ouvir a voz de Deus, temeu olhar e escondeu o rosto. Entretanto, o relacionamento com Deus o fez buscar uma nova oportunidade para olhar, e \u00e9 isso que Mois\u00e9s, audaciosamente, pede: ver a gl\u00f3ria de Deus. Ou seja, Mois\u00e9s v\u00ea e n\u00e3o v\u00ea. <br \/>Texto base: \u00caxodo 3 e \u00caxodo 33 e 34<\/p>\t\t\t\t\t\t\t\t<\/div>\n\t\t\t\t<\/div>\n\t\t\t\t<div class=\"elementor-element elementor-element-41fe2c8e elementor-widget elementor-widget-video\" data-id=\"41fe2c8e\" data-element_type=\"widget\" data-settings=\"{&quot;youtube_url&quot;:&quot;https:\\\/\\\/www.youtube.com\\\/watch?v=sCh3u8lP9gs&quot;,&quot;video_type&quot;:&quot;youtube&quot;,&quot;controls&quot;:&quot;yes&quot;}\" data-widget_type=\"video.default\">\n\t\t\t\t<div class=\"elementor-widget-container\">\n\t\t\t\t\t\t\t<div class=\"elementor-wrapper elementor-open-inline\">\n\t\t\t<div class=\"elementor-video\"><\/div>\t\t<\/div>\n\t\t\t\t\t\t<\/div>\n\t\t\t\t<\/div>\n\t\t\t\t<div class=\"elementor-element elementor-element-2edb3122 elementor-widget elementor-widget-text-editor\" data-id=\"2edb3122\" data-element_type=\"widget\" data-widget_type=\"text-editor.default\">\n\t\t\t\t<div class=\"elementor-widget-container\">\n\t\t\t\t\t\t\t\t\t<p>Deus revela-se como um viajante para Abra\u00e3o e, aceita sua hospitalidade. Como um amigo com tempo para conversar, Deus senta-se com Abra\u00e3o enquanto come uma bela refei\u00e7\u00e3o. Essa revela\u00e7\u00e3o aponta um Deus pr\u00f3ximo, que compartilha planos e pede opini\u00e3o. Abra\u00e3o desfruta de uma vis\u00e3o bastante humanizada de Deus e vislumbra a justi\u00e7a e o poder divinos, em primeira m\u00e3o.<br \/>Texto base: G\u00eanesis 18<\/p>\t\t\t\t\t\t\t\t<\/div>\n\t\t\t\t<\/div>\n\t\t\t\t<\/div>\n\t\t\t\t\t<\/div>\n\t\t\t\t<\/div>\n\t\t\t\t<\/div>\n\t\t","protected":false},"excerpt":{"rendered":"<p>Vis\u00f5es de Deus Deus revelou-se de muitas maneiras ao longo da hist\u00f3ria. Nos relatos da B\u00edblia, Deus, Todo-Poderoso, escolheu revelar-se de in\u00fameras formas para in\u00fameras pessoas, inclusive por meio de Seu filho, Jesus Cristo. Essas revela\u00e7\u00f5es de Deus carregam entre si similaridades e diferen\u00e7as interessantes. Entretanto, o aspecto mais importante \u00e9 justamente que Ele se&hellip;&nbsp;<a href=\"https:\/\/umlugarcomunidade.com.br\/?page_id=2261\" rel=\"bookmark\">Continue a ler &raquo;<span class=\"screen-reader-text\">Visoes de Deus<\/span><\/a><\/p>\n","protected":false},"author":1,"featured_media":0,"parent":0,"menu_order":0,"comment_status":"closed","ping_status":"closed","template":"elementor_header_footer","meta":{"neve_meta_sidebar":"","neve_meta_container":"","neve_meta_enable_content_width":"","neve_meta_content_width":0,"neve_meta_title_alignment":"","neve_meta_author_avatar":"","neve_post_elements_order":"","neve_meta_disable_header":"","neve_meta_disable_footer":"","neve_meta_disable_title":"","footnotes":""},"class_list":["post-2261","page","type-page","status-publish","hentry"],"_links":{"self":[{"href":"https:\/\/umlugarcomunidade.com.br\/index.php?rest_route=\/wp\/v2\/pages\/2261","targetHints":{"allow":["GET"]}}],"collection":[{"href":"https:\/\/umlugarcomunidade.com.br\/index.php?rest_route=\/wp\/v2\/pages"}],"about":[{"href":"https:\/\/umlugarcomunidade.com.br\/index.php?rest_route=\/wp\/v2\/types\/page"}],"author":[{"embeddable":true,"href":"https:\/\/umlugarcomunidade.com.br\/index.php?rest_route=\/wp\/v2\/users\/1"}],"replies":[{"embeddable":true,"href":"https:\/\/umlugarcomunidade.com.br\/index.php?rest_route=%2Fwp%2Fv2%2Fcomments&post=2261"}],"version-history":[{"count":22,"href":"https:\/\/umlugarcomunidade.com.br\/index.php?rest_route=\/wp\/v2\/pages\/2261\/revisions"}],"predecessor-version":[{"id":2345,"href":"https:\/\/umlugarcomunidade.com.br\/index.php?rest_route=\/wp\/v2\/pages\/2261\/revisions\/2345"}],"wp:attachment":[{"href":"https:\/\/umlugarcomunidade.com.br\/index.php?rest_route=%2Fwp%2Fv2%2Fmedia&parent=2261"}],"curies":[{"name":"wp","href":"https:\/\/api.w.org\/{rel}","templated":true}]}}