{"id":1823,"date":"2023-06-22T11:47:40","date_gmt":"2023-06-22T14:47:40","guid":{"rendered":"https:\/\/umlugarcomunidade.com.br\/wp\/?page_id=1823"},"modified":"2025-09-05T13:45:30","modified_gmt":"2025-09-05T16:45:30","slug":"faq","status":"publish","type":"page","link":"https:\/\/umlugarcomunidade.com.br\/?page_id=1823","title":{"rendered":"FAQ"},"content":{"rendered":"\t\t<div data-elementor-type=\"wp-page\" data-elementor-id=\"1823\" class=\"elementor elementor-1823\">\n\t\t\t\t<div class=\"elementor-element elementor-element-0c2f375 e-flex e-con-boxed e-con e-parent\" data-id=\"0c2f375\" data-element_type=\"container\">\n\t\t\t\t\t<div class=\"e-con-inner\">\n\t\t\t\t<div class=\"elementor-element elementor-element-d3e6efd elementor-invisible elementor-widget elementor-widget-heading\" data-id=\"d3e6efd\" data-element_type=\"widget\" data-settings=\"{&quot;_animation&quot;:&quot;fadeIn&quot;}\" data-widget_type=\"heading.default\">\n\t\t\t\t<div class=\"elementor-widget-container\">\n\t\t\t\t\t<h2 class=\"elementor-heading-title elementor-size-default\">Perguntas Frequentes<\/h2>\t\t\t\t<\/div>\n\t\t\t\t<\/div>\n\t\t\t\t\t<\/div>\n\t\t\t\t<\/div>\n\t\t<div class=\"elementor-element elementor-element-18f20ed e-con-full e-flex e-con e-parent\" data-id=\"18f20ed\" data-element_type=\"container\">\n\t\t\t\t<div class=\"elementor-element elementor-element-a5b9ace elementor-widget elementor-widget-toggle\" data-id=\"a5b9ace\" data-element_type=\"widget\" data-widget_type=\"toggle.default\">\n\t\t\t\t<div class=\"elementor-widget-container\">\n\t\t\t\t\t\t\t<div class=\"elementor-toggle\">\n\t\t\t\t\t\t\t<div class=\"elementor-toggle-item\">\n\t\t\t\t\t<div id=\"elementor-tab-title-1731\" class=\"elementor-tab-title\" data-tab=\"1\" role=\"button\" aria-controls=\"elementor-tab-content-1731\" aria-expanded=\"false\">\n\t\t\t\t\t\t\t\t\t\t\t\t<span class=\"elementor-toggle-icon elementor-toggle-icon-left\" aria-hidden=\"true\">\n\t\t\t\t\t\t\t\t\t\t\t\t\t\t\t<span class=\"elementor-toggle-icon-closed\"><i class=\"fas fa-caret-right\"><\/i><\/span>\n\t\t\t\t\t\t\t\t<span class=\"elementor-toggle-icon-opened\"><i class=\"elementor-toggle-icon-opened fas fa-caret-up\"><\/i><\/span>\n\t\t\t\t\t\t\t\t\t\t\t\t\t<\/span>\n\t\t\t\t\t\t\t\t\t\t\t\t<a class=\"elementor-toggle-title\" tabindex=\"0\">Como posso ser membro? \u00c9 poss\u00edvel ser membro mesmo \u00e0 dist\u00e2ncia?<\/a>\n\t\t\t\t\t<\/div>\n\n\t\t\t\t\t<div id=\"elementor-tab-content-1731\" class=\"elementor-tab-content elementor-clearfix\" data-tab=\"1\" role=\"region\" aria-labelledby=\"elementor-tab-title-1731\"><p>Se voc\u00ea se identifica com a Comunidade e sua mensagem, j\u00e1 pode se considerar parte: \u201cOra, voc\u00eas s\u00e3o o corpo de Cristo e, individualmente, membros desse corpo\u201d (1 Co 12:27; NAA). <br \/>Voc\u00ea pode fazer seu cadastro preenchendo o formul\u00e1rio nesse <a href=\"https:\/\/umlugarcomunidade.com.br\/wp\/?page_id=2999\">link<\/a>.<\/p><\/div>\n\t\t\t\t<\/div>\n\t\t\t\t\t\t\t<div class=\"elementor-toggle-item\">\n\t\t\t\t\t<div id=\"elementor-tab-title-1732\" class=\"elementor-tab-title\" data-tab=\"2\" role=\"button\" aria-controls=\"elementor-tab-content-1732\" aria-expanded=\"false\">\n\t\t\t\t\t\t\t\t\t\t\t\t<span class=\"elementor-toggle-icon elementor-toggle-icon-left\" aria-hidden=\"true\">\n\t\t\t\t\t\t\t\t\t\t\t\t\t\t\t<span class=\"elementor-toggle-icon-closed\"><i class=\"fas fa-caret-right\"><\/i><\/span>\n\t\t\t\t\t\t\t\t<span class=\"elementor-toggle-icon-opened\"><i class=\"elementor-toggle-icon-opened fas fa-caret-up\"><\/i><\/span>\n\t\t\t\t\t\t\t\t\t\t\t\t\t<\/span>\n\t\t\t\t\t\t\t\t\t\t\t\t<a class=\"elementor-toggle-title\" tabindex=\"0\">Preciso me batizar na Comunidade? Como fa\u00e7o para ser batizado?<\/a>\n\t\t\t\t\t<\/div>\n\n\t\t\t\t\t<div id=\"elementor-tab-content-1732\" class=\"elementor-tab-content elementor-clearfix\" data-tab=\"2\" role=\"region\" aria-labelledby=\"elementor-tab-title-1732\"><p>N\u00e3o, voc\u00ea n\u00e3o precisa ser batizado ou se batizar para fazer parte da Comunidade. Mas se essa \u00e9 sua vontade, entendemos o batismo como um nascer de novo. Mas n\u00e3o se trata de qualquer nascimento. Jesus deixa claro que \u00e9 um nascimento espiritual: \u201cEm verdade, em verdade lhe digo: quem n\u00e3o nascer da \u00e1gua e do Esp\u00edrito n\u00e3o pode entrar no Reino de Deus. O que \u00e9 nascido da carne \u00e9 carne, e o que \u00e9 nascido do Esp\u00edrito \u00e9 esp\u00edrito. (\u2026) O vento sopra onde quer, voc\u00ea ouve o barulho que ele faz, mas n\u00e3o sabe de onde ele vem, nem para onde vai; assim \u00e9 todo o que \u00e9 nascido do Esp\u00edrito.\u201d (Jo\u00e3o 3:5-6, 8 NAA). Por isso, o batismo n\u00e3o deveria ter placa de igreja, ou seja, batizar-se n\u00e3o significa ser membro da Comunidade. O batismo \u00e9 a escolha p\u00fablica de viver com Cristo, Senhor e Salvador, sendo guiado pelo Esp\u00edrito. Se voc\u00ea deseja ser batizado, pode mandar e-mail para pastoral@umlugarcomunidade.com.br e entraremos em contato com voc\u00ea.<\/p><\/div>\n\t\t\t\t<\/div>\n\t\t\t\t\t\t\t<div class=\"elementor-toggle-item\">\n\t\t\t\t\t<div id=\"elementor-tab-title-1733\" class=\"elementor-tab-title\" data-tab=\"3\" role=\"button\" aria-controls=\"elementor-tab-content-1733\" aria-expanded=\"false\">\n\t\t\t\t\t\t\t\t\t\t\t\t<span class=\"elementor-toggle-icon elementor-toggle-icon-left\" aria-hidden=\"true\">\n\t\t\t\t\t\t\t\t\t\t\t\t\t\t\t<span class=\"elementor-toggle-icon-closed\"><i class=\"fas fa-caret-right\"><\/i><\/span>\n\t\t\t\t\t\t\t\t<span class=\"elementor-toggle-icon-opened\"><i class=\"elementor-toggle-icon-opened fas fa-caret-up\"><\/i><\/span>\n\t\t\t\t\t\t\t\t\t\t\t\t\t<\/span>\n\t\t\t\t\t\t\t\t\t\t\t\t<a class=\"elementor-toggle-title\" tabindex=\"0\">Voc\u00eas d\u00e3o estudos b\u00edblicos?<\/a>\n\t\t\t\t\t<\/div>\n\n\t\t\t\t\t<div id=\"elementor-tab-content-1733\" class=\"elementor-tab-content elementor-clearfix\" data-tab=\"3\" role=\"region\" aria-labelledby=\"elementor-tab-title-1733\"><p>Sim. Temos duas maneiras pelas quais voc\u00ea pode estudar a B\u00edblia conosco: 1) H\u00e1 dois materiais online que voc\u00ea pode acessar, sendo que um deles j\u00e1 est\u00e1 finalizado e outro est\u00e1 em andamento (colocar o link dos estudos b\u00edblicos \u2013 playlist); 2) Temos grupos de estudo b\u00edblico online e presenciais (al\u00e9m de pequenos grupos espalhados pelo Brasil e Portugal). Essas s\u00e3o as maneiras de voc\u00ea poder estudar a B\u00edblia com a gente. Se tiver d\u00favidas ou quiser mais informa\u00e7\u00f5es, mande um email para pastoral@umlugarcomunidade.com.br<\/p><\/div>\n\t\t\t\t<\/div>\n\t\t\t\t\t\t\t<div class=\"elementor-toggle-item\">\n\t\t\t\t\t<div id=\"elementor-tab-title-1734\" class=\"elementor-tab-title\" data-tab=\"4\" role=\"button\" aria-controls=\"elementor-tab-content-1734\" aria-expanded=\"false\">\n\t\t\t\t\t\t\t\t\t\t\t\t<span class=\"elementor-toggle-icon elementor-toggle-icon-left\" aria-hidden=\"true\">\n\t\t\t\t\t\t\t\t\t\t\t\t\t\t\t<span class=\"elementor-toggle-icon-closed\"><i class=\"fas fa-caret-right\"><\/i><\/span>\n\t\t\t\t\t\t\t\t<span class=\"elementor-toggle-icon-opened\"><i class=\"elementor-toggle-icon-opened fas fa-caret-up\"><\/i><\/span>\n\t\t\t\t\t\t\t\t\t\t\t\t\t<\/span>\n\t\t\t\t\t\t\t\t\t\t\t\t<a class=\"elementor-toggle-title\" tabindex=\"0\">Como fa\u00e7o para doar, ofertar ou dizimar?<\/a>\n\t\t\t\t\t<\/div>\n\n\t\t\t\t\t<div id=\"elementor-tab-content-1734\" class=\"elementor-tab-content elementor-clearfix\" data-tab=\"4\" role=\"region\" aria-labelledby=\"elementor-tab-title-1734\"><p>A Comunidade recebe d\u00edzimos e ofertas atrav\u00e9s de nossa conta banc\u00e1ria: pix@umlugarcomunidade.com.br<\/p><p>Al\u00e9m do culto, que outras atividades a Comunidade promove?<br \/>Temos diversas atividades durante a ap\u00f3s o culto e ao longo da semana.<br \/>Durante nosso primeiro culto (11h), acontecem reuni\u00f5es e atividades especiais para os jovens e para as crian\u00e7as, desenvolvidas por nossas equipes.<br \/>Para mais informa\u00e7\u00f5es, siga as contas do Instagram: @turminhacomunidade e @jovenscomunidadesp<br \/>Todas as ter\u00e7as-feiras temos lives de ora\u00e7\u00e3o, \u00e0s 21h, atrav\u00e9s de nosso perfil no Instagram @umlugarcomunidade. <br \/>H\u00e1 ainda a\u00e7\u00f5es sociais, pequenos grupos e estudos b\u00edblicos. Para mais informa\u00e7\u00f5es, s\u00f3 perguntar!<\/p><p>Se voc\u00ea planejou ir \u00e0 Comunidade, presencialmente, pela primeira vez, o que \u00e9 preciso saber?<br \/>O culto na Comunidade acontece no Teatro UOL, no shopping P\u00e1tio Higien\u00f3polis (S\u00e3o Paulo) as 11h e ao meio-dia (12h). Voc\u00ea n\u00e3o precisa de ingresso. Voc\u00ea pode ir como quiser, pois n\u00e3o h\u00e1 c\u00f3digo de vestimenta. Ao chegar no teatro, nossa equipe de recep\u00e7\u00e3o vai orientar voc\u00ea com carinho e pode tirar suas d\u00favidas. Ah, lembre-se sempre: TODAS (absolutamente TODAS) as pessoas s\u00e3o bem-vindas \u2013 n\u00e3o importa sua religi\u00e3o, ra\u00e7a, etnia, orienta\u00e7\u00e3o sexual, g\u00eanero, condi\u00e7\u00e3o social.<\/p><\/div>\n\t\t\t\t<\/div>\n\t\t\t\t\t\t\t<div class=\"elementor-toggle-item\">\n\t\t\t\t\t<div id=\"elementor-tab-title-1735\" class=\"elementor-tab-title\" data-tab=\"5\" role=\"button\" aria-controls=\"elementor-tab-content-1735\" aria-expanded=\"false\">\n\t\t\t\t\t\t\t\t\t\t\t\t<span class=\"elementor-toggle-icon elementor-toggle-icon-left\" aria-hidden=\"true\">\n\t\t\t\t\t\t\t\t\t\t\t\t\t\t\t<span class=\"elementor-toggle-icon-closed\"><i class=\"fas fa-caret-right\"><\/i><\/span>\n\t\t\t\t\t\t\t\t<span class=\"elementor-toggle-icon-opened\"><i class=\"elementor-toggle-icon-opened fas fa-caret-up\"><\/i><\/span>\n\t\t\t\t\t\t\t\t\t\t\t\t\t<\/span>\n\t\t\t\t\t\t\t\t\t\t\t\t<a class=\"elementor-toggle-title\" tabindex=\"0\">Como posso ser volunt\u00e1rio?<\/a>\n\t\t\t\t\t<\/div>\n\n\t\t\t\t\t<div id=\"elementor-tab-content-1735\" class=\"elementor-tab-content elementor-clearfix\" data-tab=\"5\" role=\"region\" aria-labelledby=\"elementor-tab-title-1735\"><p>Basta preencher o formul\u00e1rio que est\u00e1 nesse <a href=\"https:\/\/umlugarcomunidade.com.br\/wp\/?page_id=2952\">link<\/a>.<\/p><\/div>\n\t\t\t\t<\/div>\n\t\t\t\t\t\t\t<div class=\"elementor-toggle-item\">\n\t\t\t\t\t<div id=\"elementor-tab-title-1736\" class=\"elementor-tab-title\" data-tab=\"6\" role=\"button\" aria-controls=\"elementor-tab-content-1736\" aria-expanded=\"false\">\n\t\t\t\t\t\t\t\t\t\t\t\t<span class=\"elementor-toggle-icon elementor-toggle-icon-left\" aria-hidden=\"true\">\n\t\t\t\t\t\t\t\t\t\t\t\t\t\t\t<span class=\"elementor-toggle-icon-closed\"><i class=\"fas fa-caret-right\"><\/i><\/span>\n\t\t\t\t\t\t\t\t<span class=\"elementor-toggle-icon-opened\"><i class=\"elementor-toggle-icon-opened fas fa-caret-up\"><\/i><\/span>\n\t\t\t\t\t\t\t\t\t\t\t\t\t<\/span>\n\t\t\t\t\t\t\t\t\t\t\t\t<a class=\"elementor-toggle-title\" tabindex=\"0\">Como entro em contato com a equipe pastoral ou lideran\u00e7a?<\/a>\n\t\t\t\t\t<\/div>\n\n\t\t\t\t\t<div id=\"elementor-tab-content-1736\" class=\"elementor-tab-content elementor-clearfix\" data-tab=\"6\" role=\"region\" aria-labelledby=\"elementor-tab-title-1736\"><p>Voc\u00ea pode enviar mensagem pelas redes sociais, falar com nossa equipe nos cultos,\u00a0enviar email para <a href=\"mailto:contato@umlugarcomunidade.com.br\"><strong>contato@umlugarcomunidade.com.br<\/strong><\/a> ou mesmo enviar um email diretamente para <a href=\"mailto:pastoral@umlugarcomunidade.com.br\">pastoral@umlugarcomunidade.com.br<\/a>.<\/p><\/div>\n\t\t\t\t<\/div>\n\t\t\t\t\t\t\t<div class=\"elementor-toggle-item\">\n\t\t\t\t\t<div id=\"elementor-tab-title-1737\" class=\"elementor-tab-title\" data-tab=\"7\" role=\"button\" aria-controls=\"elementor-tab-content-1737\" aria-expanded=\"false\">\n\t\t\t\t\t\t\t\t\t\t\t\t<span class=\"elementor-toggle-icon elementor-toggle-icon-left\" aria-hidden=\"true\">\n\t\t\t\t\t\t\t\t\t\t\t\t\t\t\t<span class=\"elementor-toggle-icon-closed\"><i class=\"fas fa-caret-right\"><\/i><\/span>\n\t\t\t\t\t\t\t\t<span class=\"elementor-toggle-icon-opened\"><i class=\"elementor-toggle-icon-opened fas fa-caret-up\"><\/i><\/span>\n\t\t\t\t\t\t\t\t\t\t\t\t\t<\/span>\n\t\t\t\t\t\t\t\t\t\t\t\t<a class=\"elementor-toggle-title\" tabindex=\"0\">Voc\u00eas guardam o s\u00e1bado?<\/a>\n\t\t\t\t\t<\/div>\n\n\t\t\t\t\t<div id=\"elementor-tab-content-1737\" class=\"elementor-tab-content elementor-clearfix\" data-tab=\"7\" role=\"region\" aria-labelledby=\"elementor-tab-title-1737\"><p>Temos membros com diversidade de cren\u00e7as e tradi\u00e7\u00f5es e respeitamos cada um deles. V\u00e1rios guardam o s\u00e1bado e outros n\u00e3o guardam. Nossos cultos s\u00e3o aos s\u00e1bados e nosso pastor j\u00e1 deixou claro que \u00e9 sabatista. Entretanto, a guarda do s\u00e1bado n\u00e3o \u00e9 uma doutrina e nem uma exig\u00eancia para pertencimento a Comunidade.<\/p><\/div>\n\t\t\t\t<\/div>\n\t\t\t\t\t\t\t<div class=\"elementor-toggle-item\">\n\t\t\t\t\t<div id=\"elementor-tab-title-1738\" class=\"elementor-tab-title\" data-tab=\"8\" role=\"button\" aria-controls=\"elementor-tab-content-1738\" aria-expanded=\"false\">\n\t\t\t\t\t\t\t\t\t\t\t\t<span class=\"elementor-toggle-icon elementor-toggle-icon-left\" aria-hidden=\"true\">\n\t\t\t\t\t\t\t\t\t\t\t\t\t\t\t<span class=\"elementor-toggle-icon-closed\"><i class=\"fas fa-caret-right\"><\/i><\/span>\n\t\t\t\t\t\t\t\t<span class=\"elementor-toggle-icon-opened\"><i class=\"elementor-toggle-icon-opened fas fa-caret-up\"><\/i><\/span>\n\t\t\t\t\t\t\t\t\t\t\t\t\t<\/span>\n\t\t\t\t\t\t\t\t\t\t\t\t<a class=\"elementor-toggle-title\" tabindex=\"0\">Voc\u00eas t\u00eam planos de terem a Comunidade em outros locais?<\/a>\n\t\t\t\t\t<\/div>\n\n\t\t\t\t\t<div id=\"elementor-tab-content-1738\" class=\"elementor-tab-content elementor-clearfix\" data-tab=\"8\" role=\"region\" aria-labelledby=\"elementor-tab-title-1738\"><p>Sim, temos planos de buscar atender da melhor maneira poss\u00edvel todos os nossos membros e volunt\u00e1rios em suas cidades de resid\u00eancia. Na verdade, j\u00e1 temos uma filial em Curitiba e mais de 20 pequenos e grandes<br \/>grupos em v\u00e1rias cidades do Brasil e em Portugal. Para saber um pouco mais sobre isso, acesse aqui <a href=\"https:\/\/umlugarcomunidade.com.br\/wp\/?page_id=2437\">essa p\u00e1gina<\/a>.<\/p><\/div>\n\t\t\t\t<\/div>\n\t\t\t\t\t\t\t<div class=\"elementor-toggle-item\">\n\t\t\t\t\t<div id=\"elementor-tab-title-1739\" class=\"elementor-tab-title\" data-tab=\"9\" role=\"button\" aria-controls=\"elementor-tab-content-1739\" aria-expanded=\"false\">\n\t\t\t\t\t\t\t\t\t\t\t\t<span class=\"elementor-toggle-icon elementor-toggle-icon-left\" aria-hidden=\"true\">\n\t\t\t\t\t\t\t\t\t\t\t\t\t\t\t<span class=\"elementor-toggle-icon-closed\"><i class=\"fas fa-caret-right\"><\/i><\/span>\n\t\t\t\t\t\t\t\t<span class=\"elementor-toggle-icon-opened\"><i class=\"elementor-toggle-icon-opened fas fa-caret-up\"><\/i><\/span>\n\t\t\t\t\t\t\t\t\t\t\t\t\t<\/span>\n\t\t\t\t\t\t\t\t\t\t\t\t<a class=\"elementor-toggle-title\" tabindex=\"0\">A Comunidade pertence \u00e0 IASD (Igreja Adventista do S\u00e9timo Dia)?<\/a>\n\t\t\t\t\t<\/div>\n\n\t\t\t\t\t<div id=\"elementor-tab-content-1739\" class=\"elementor-tab-content elementor-clearfix\" data-tab=\"9\" role=\"region\" aria-labelledby=\"elementor-tab-title-1739\"><p>A Comunidade n\u00e3o pertence \u00e0 nenhuma denomina\u00e7\u00e3o religiosa. \u00c9 100% independente.<\/p><\/div>\n\t\t\t\t<\/div>\n\t\t\t\t\t\t\t<div class=\"elementor-toggle-item\">\n\t\t\t\t\t<div id=\"elementor-tab-title-17310\" class=\"elementor-tab-title\" data-tab=\"10\" role=\"button\" aria-controls=\"elementor-tab-content-17310\" aria-expanded=\"false\">\n\t\t\t\t\t\t\t\t\t\t\t\t<span class=\"elementor-toggle-icon elementor-toggle-icon-left\" aria-hidden=\"true\">\n\t\t\t\t\t\t\t\t\t\t\t\t\t\t\t<span class=\"elementor-toggle-icon-closed\"><i class=\"fas fa-caret-right\"><\/i><\/span>\n\t\t\t\t\t\t\t\t<span class=\"elementor-toggle-icon-opened\"><i class=\"elementor-toggle-icon-opened fas fa-caret-up\"><\/i><\/span>\n\t\t\t\t\t\t\t\t\t\t\t\t\t<\/span>\n\t\t\t\t\t\t\t\t\t\t\t\t<a class=\"elementor-toggle-title\" tabindex=\"0\">Por que o Pr. Edson Nunes saiu da Nova Semente?<\/a>\n\t\t\t\t\t<\/div>\n\n\t\t\t\t\t<div id=\"elementor-tab-content-17310\" class=\"elementor-tab-content elementor-clearfix\" data-tab=\"10\" role=\"region\" aria-labelledby=\"elementor-tab-title-17310\"><p>O Pr. Edson Nunes esclarece o motivo de sua sa\u00edda da Nova Semente e da IASD nesse v\u00eddeo: <a href=\"https:\/\/www.youtube.com\/watch?v=V_IbcyZxRp8\"><strong>https:\/\/www.youtube.com\/watch?v=V_IbcyZxRp8<\/strong> <\/a><\/p><\/div>\n\t\t\t\t<\/div>\n\t\t\t\t\t\t\t<div class=\"elementor-toggle-item\">\n\t\t\t\t\t<div id=\"elementor-tab-title-17311\" class=\"elementor-tab-title\" data-tab=\"11\" role=\"button\" aria-controls=\"elementor-tab-content-17311\" aria-expanded=\"false\">\n\t\t\t\t\t\t\t\t\t\t\t\t<span class=\"elementor-toggle-icon elementor-toggle-icon-left\" aria-hidden=\"true\">\n\t\t\t\t\t\t\t\t\t\t\t\t\t\t\t<span class=\"elementor-toggle-icon-closed\"><i class=\"fas fa-caret-right\"><\/i><\/span>\n\t\t\t\t\t\t\t\t<span class=\"elementor-toggle-icon-opened\"><i class=\"elementor-toggle-icon-opened fas fa-caret-up\"><\/i><\/span>\n\t\t\t\t\t\t\t\t\t\t\t\t\t<\/span>\n\t\t\t\t\t\t\t\t\t\t\t\t<a class=\"elementor-toggle-title\" tabindex=\"0\">Voc\u00eas creem em Ellen G. White?<\/a>\n\t\t\t\t\t<\/div>\n\n\t\t\t\t\t<div id=\"elementor-tab-content-17311\" class=\"elementor-tab-content elementor-clearfix\" data-tab=\"11\" role=\"region\" aria-labelledby=\"elementor-tab-title-17311\"><p>Como um corpo, temos v\u00e1rios membros e respeitamos a cren\u00e7a de cada um. Portanto, alguns creem, outros n\u00e3o. Importante frisar que a cren\u00e7a ou n\u00e3o nos escritos de EGW n\u00e3o \u00e9 quest\u00e3o doutrin\u00e1ria.<\/p><\/div>\n\t\t\t\t<\/div>\n\t\t\t\t\t\t\t<div class=\"elementor-toggle-item\">\n\t\t\t\t\t<div id=\"elementor-tab-title-17312\" class=\"elementor-tab-title\" data-tab=\"12\" role=\"button\" aria-controls=\"elementor-tab-content-17312\" aria-expanded=\"false\">\n\t\t\t\t\t\t\t\t\t\t\t\t<span class=\"elementor-toggle-icon elementor-toggle-icon-left\" aria-hidden=\"true\">\n\t\t\t\t\t\t\t\t\t\t\t\t\t\t\t<span class=\"elementor-toggle-icon-closed\"><i class=\"fas fa-caret-right\"><\/i><\/span>\n\t\t\t\t\t\t\t\t<span class=\"elementor-toggle-icon-opened\"><i class=\"elementor-toggle-icon-opened fas fa-caret-up\"><\/i><\/span>\n\t\t\t\t\t\t\t\t\t\t\t\t\t<\/span>\n\t\t\t\t\t\t\t\t\t\t\t\t<a class=\"elementor-toggle-title\" tabindex=\"0\">Quais s\u00e3o as cren\u00e7as da Comunidade?<\/a>\n\t\t\t\t\t<\/div>\n\n\t\t\t\t\t<div id=\"elementor-tab-content-17312\" class=\"elementor-tab-content elementor-clearfix\" data-tab=\"12\" role=\"region\" aria-labelledby=\"elementor-tab-title-17312\"><p>Nossa identidade doutrin\u00e1ria \u00e9 multifacetada. O que podemos enfatizar com absoluta certeza \u00e9 que, como Paulo, escolhemos dizer: \u201cPorque decidi nada saber entre voc\u00eas, a n\u00e3o ser Jesus Cristo, e este, crucificado.\u201d (1 Cor\u00edntios 2:2; NAA). Ou seja, resumidamente, a cren\u00e7a que nos une na Comunidade \u00e9 Jesus Cristo como o nosso Senhor e Salvador. Cremos em sua encarna\u00e7\u00e3o, minist\u00e9rio terrestre, morte e ressurrei\u00e7\u00e3o.<\/p><\/div>\n\t\t\t\t<\/div>\n\t\t\t\t\t\t\t\t<\/div>\n\t\t\t\t\t\t<\/div>\n\t\t\t\t<\/div>\n\t\t\t\t<\/div>\n\t\t\t\t<\/div>\n\t\t","protected":false},"excerpt":{"rendered":"<p>Perguntas Frequentes Como posso ser membro? \u00c9 poss\u00edvel ser membro mesmo \u00e0 dist\u00e2ncia? Se voc\u00ea se identifica com a Comunidade e sua mensagem, j\u00e1 pode se considerar parte: \u201cOra, voc\u00eas s\u00e3o o corpo de Cristo e, individualmente, membros desse corpo\u201d (1 Co 12:27; NAA). Voc\u00ea pode fazer seu cadastro preenchendo o formul\u00e1rio nesse link. Preciso&hellip;&nbsp;<a href=\"https:\/\/umlugarcomunidade.com.br\/?page_id=1823\" rel=\"bookmark\">Continue a ler &raquo;<span class=\"screen-reader-text\">FAQ<\/span><\/a><\/p>\n","protected":false},"author":1,"featured_media":0,"parent":0,"menu_order":0,"comment_status":"closed","ping_status":"closed","template":"page-templates\/template-pagebuilder-full-width.php","meta":{"neve_meta_sidebar":"","neve_meta_container":"","neve_meta_enable_content_width":"","neve_meta_content_width":0,"neve_meta_title_alignment":"","neve_meta_author_avatar":"","neve_post_elements_order":"","neve_meta_disable_header":"","neve_meta_disable_footer":"","neve_meta_disable_title":"","footnotes":""},"class_list":["post-1823","page","type-page","status-publish","hentry"],"_links":{"self":[{"href":"https:\/\/umlugarcomunidade.com.br\/index.php?rest_route=\/wp\/v2\/pages\/1823","targetHints":{"allow":["GET"]}}],"collection":[{"href":"https:\/\/umlugarcomunidade.com.br\/index.php?rest_route=\/wp\/v2\/pages"}],"about":[{"href":"https:\/\/umlugarcomunidade.com.br\/index.php?rest_route=\/wp\/v2\/types\/page"}],"author":[{"embeddable":true,"href":"https:\/\/umlugarcomunidade.com.br\/index.php?rest_route=\/wp\/v2\/users\/1"}],"replies":[{"embeddable":true,"href":"https:\/\/umlugarcomunidade.com.br\/index.php?rest_route=%2Fwp%2Fv2%2Fcomments&post=1823"}],"version-history":[{"count":67,"href":"https:\/\/umlugarcomunidade.com.br\/index.php?rest_route=\/wp\/v2\/pages\/1823\/revisions"}],"predecessor-version":[{"id":3090,"href":"https:\/\/umlugarcomunidade.com.br\/index.php?rest_route=\/wp\/v2\/pages\/1823\/revisions\/3090"}],"wp:attachment":[{"href":"https:\/\/umlugarcomunidade.com.br\/index.php?rest_route=%2Fwp%2Fv2%2Fmedia&parent=1823"}],"curies":[{"name":"wp","href":"https:\/\/api.w.org\/{rel}","templated":true}]}}