{"id":1361,"date":"2023-04-15T17:38:36","date_gmt":"2023-04-15T20:38:36","guid":{"rendered":"https:\/\/umlugarcomunidade.com.br\/wp\/?page_id=1361"},"modified":"2025-08-11T18:16:02","modified_gmt":"2025-08-11T21:16:02","slug":"contribuicao","status":"publish","type":"page","link":"https:\/\/umlugarcomunidade.com.br\/?page_id=1361","title":{"rendered":"Contribuicao"},"content":{"rendered":"\t\t<div data-elementor-type=\"wp-page\" data-elementor-id=\"1361\" class=\"elementor elementor-1361\">\n\t\t\t\t<div class=\"elementor-element elementor-element-e9e5c5f e-flex e-con-boxed e-con e-parent\" data-id=\"e9e5c5f\" data-element_type=\"container\">\n\t\t\t\t\t<div class=\"e-con-inner\">\n\t\t\t\t<div class=\"elementor-element elementor-element-51a7a47 elementor-invisible elementor-widget elementor-widget-heading\" data-id=\"51a7a47\" data-element_type=\"widget\" data-settings=\"{&quot;_animation&quot;:&quot;fadeIn&quot;}\" data-widget_type=\"heading.default\">\n\t\t\t\t<div class=\"elementor-widget-container\">\n\t\t\t\t\t<h2 class=\"elementor-heading-title elementor-size-default\">Como contribuir?<\/h2>\t\t\t\t<\/div>\n\t\t\t\t<\/div>\n\t\t\t\t\t<\/div>\n\t\t\t\t<\/div>\n\t\t<div class=\"elementor-element elementor-element-61d6237 e-flex e-con-boxed e-con e-parent\" data-id=\"61d6237\" data-element_type=\"container\">\n\t\t\t\t\t<div class=\"e-con-inner\">\n\t\t<div class=\"elementor-element elementor-element-4804d57 e-con-full e-flex e-con e-child\" data-id=\"4804d57\" data-element_type=\"container\">\n\t\t\t\t<div class=\"elementor-element elementor-element-ba384cd elementor-widget elementor-widget-image\" data-id=\"ba384cd\" data-element_type=\"widget\" data-widget_type=\"image.default\">\n\t\t\t\t<div class=\"elementor-widget-container\">\n\t\t\t\t\t\t\t\t\t\t\t\t\t\t\t<img fetchpriority=\"high\" decoding=\"async\" width=\"1600\" height=\"2000\" src=\"https:\/\/umlugarcomunidade.com.br\/wp\/wp-content\/uploads\/2023\/04\/ComUnidade-17-1.jpg\" class=\"attachment-full size-full wp-image-675\" alt=\"\" srcset=\"https:\/\/umlugarcomunidade.com.br\/wp\/wp-content\/uploads\/2023\/04\/ComUnidade-17-1.jpg 1600w, https:\/\/umlugarcomunidade.com.br\/wp\/wp-content\/uploads\/2023\/04\/ComUnidade-17-1-240x300.jpg 240w, https:\/\/umlugarcomunidade.com.br\/wp\/wp-content\/uploads\/2023\/04\/ComUnidade-17-1-819x1024.jpg 819w, https:\/\/umlugarcomunidade.com.br\/wp\/wp-content\/uploads\/2023\/04\/ComUnidade-17-1-768x960.jpg 768w, https:\/\/umlugarcomunidade.com.br\/wp\/wp-content\/uploads\/2023\/04\/ComUnidade-17-1-1229x1536.jpg 1229w, https:\/\/umlugarcomunidade.com.br\/wp\/wp-content\/uploads\/2023\/04\/ComUnidade-17-1-400x500.jpg 400w\" sizes=\"(max-width: 1600px) 100vw, 1600px\" \/>\t\t\t\t\t\t\t\t\t\t\t\t\t\t\t<\/div>\n\t\t\t\t<\/div>\n\t\t\t\t<\/div>\n\t\t<div class=\"elementor-element elementor-element-26b7581 e-con-full e-flex e-con e-child\" data-id=\"26b7581\" data-element_type=\"container\">\n\t\t\t\t<div class=\"elementor-element elementor-element-60b67e5 elementor-widget__width-initial elementor-widget elementor-widget-text-editor\" data-id=\"60b67e5\" data-element_type=\"widget\" data-widget_type=\"text-editor.default\">\n\t\t\t\t<div class=\"elementor-widget-container\">\n\t\t\t\t\t\t\t\t\tPara as pessoas que gostariam de dizimar, ofertar e doar financeiramente para a Comunidade, abaixo nossa conta e nosso PIX. Caso queira nos informar qual o destino da sua doa\u00e7\u00e3o, por favor mande um e-mail para: <strong><a style=\"color: #464647;\" href=\"mailto:tesouraria@umlugarcomunidade.com.br\">tesouraria@umlugarcomunidade.com.br<\/a><\/strong> .\nEm breve, disponibilizaremos uma forma para que as pessoas que moram fora do Brasil possam fazer o mesmo.\t\t\t\t\t\t\t\t<\/div>\n\t\t\t\t<\/div>\n\t\t\t\t<div class=\"elementor-element elementor-element-b2f47eb elementor-widget elementor-widget-spacer\" data-id=\"b2f47eb\" data-element_type=\"widget\" data-widget_type=\"spacer.default\">\n\t\t\t\t<div class=\"elementor-widget-container\">\n\t\t\t\t\t\t\t<div class=\"elementor-spacer\">\n\t\t\t<div class=\"elementor-spacer-inner\"><\/div>\n\t\t<\/div>\n\t\t\t\t\t\t<\/div>\n\t\t\t\t<\/div>\n\t\t\t\t<div class=\"elementor-element elementor-element-0ce6414 elementor-widget elementor-widget-text-editor\" data-id=\"0ce6414\" data-element_type=\"widget\" data-widget_type=\"text-editor.default\">\n\t\t\t\t<div class=\"elementor-widget-container\">\n\t\t\t\t\t\t\t\t\t<p><strong>Banco do Brasil<\/strong><br \/><strong>Ag: 3039-2<\/strong><br \/><strong>C\/C: 24901-7<\/strong><br \/><strong>CHAVE PIX pix@umlugarcomunidade.com.br<\/strong><br \/><strong>Igreja Um Lugar Comunidade<\/strong><\/p>\t\t\t\t\t\t\t\t<\/div>\n\t\t\t\t<\/div>\n\t\t<div class=\"elementor-element elementor-element-da2295a e-grid e-con-full e-con e-child\" data-id=\"da2295a\" data-element_type=\"container\">\n\t\t\t\t<div class=\"elementor-element elementor-element-ce23b10 elementor-widget elementor-widget-image\" data-id=\"ce23b10\" data-element_type=\"widget\" data-widget_type=\"image.default\">\n\t\t\t\t<div class=\"elementor-widget-container\">\n\t\t\t\t\t\t\t\t\t\t\t\t\t\t\t<img decoding=\"async\" width=\"400\" height=\"400\" src=\"https:\/\/umlugarcomunidade.com.br\/wp\/wp-content\/uploads\/2023\/04\/qrcode-pix.png\" class=\"attachment-large size-large wp-image-1375\" alt=\"\" srcset=\"https:\/\/umlugarcomunidade.com.br\/wp\/wp-content\/uploads\/2023\/04\/qrcode-pix.png 400w, https:\/\/umlugarcomunidade.com.br\/wp\/wp-content\/uploads\/2023\/04\/qrcode-pix-300x300.png 300w, https:\/\/umlugarcomunidade.com.br\/wp\/wp-content\/uploads\/2023\/04\/qrcode-pix-150x150.png 150w\" sizes=\"(max-width: 400px) 100vw, 400px\" \/>\t\t\t\t\t\t\t\t\t\t\t\t\t\t\t<\/div>\n\t\t\t\t<\/div>\n\t\t\t\t<div class=\"elementor-element elementor-element-084af51 elementor-widget elementor-widget-text-editor\" data-id=\"084af51\" data-element_type=\"widget\" data-widget_type=\"text-editor.default\">\n\t\t\t\t<div class=\"elementor-widget-container\">\n\t\t\t\t\t\t\t\t\t<p>Aponte seu celular para o QRCode<br \/>e fa\u00e7a sua doa\u00e7\u00e3o diretamente<br \/>do seu aplicativo banc\u00e1rio.<\/p>\t\t\t\t\t\t\t\t<\/div>\n\t\t\t\t<\/div>\n\t\t\t\t<\/div>\n\t\t\t\t<\/div>\n\t\t\t\t\t<\/div>\n\t\t\t\t<\/div>\n\t\t\t\t<\/div>\n\t\t","protected":false},"excerpt":{"rendered":"<p>Como contribuir? Para as pessoas que gostariam de dizimar, ofertar e doar financeiramente para a Comunidade, abaixo nossa conta e nosso PIX. Caso queira nos informar qual o destino da sua doa\u00e7\u00e3o, por favor mande um e-mail para: tesouraria@umlugarcomunidade.com.br . Em breve, disponibilizaremos uma forma para que as pessoas que moram fora do Brasil possam&hellip;&nbsp;<a href=\"https:\/\/umlugarcomunidade.com.br\/?page_id=1361\" rel=\"bookmark\">Continue a ler &raquo;<span class=\"screen-reader-text\">Contribuicao<\/span><\/a><\/p>\n","protected":false},"author":1,"featured_media":0,"parent":0,"menu_order":0,"comment_status":"closed","ping_status":"closed","template":"elementor_header_footer","meta":{"neve_meta_sidebar":"","neve_meta_container":"","neve_meta_enable_content_width":"","neve_meta_content_width":0,"neve_meta_title_alignment":"","neve_meta_author_avatar":"","neve_post_elements_order":"","neve_meta_disable_header":"","neve_meta_disable_footer":"","neve_meta_disable_title":"","footnotes":""},"class_list":["post-1361","page","type-page","status-publish","hentry"],"_links":{"self":[{"href":"https:\/\/umlugarcomunidade.com.br\/index.php?rest_route=\/wp\/v2\/pages\/1361","targetHints":{"allow":["GET"]}}],"collection":[{"href":"https:\/\/umlugarcomunidade.com.br\/index.php?rest_route=\/wp\/v2\/pages"}],"about":[{"href":"https:\/\/umlugarcomunidade.com.br\/index.php?rest_route=\/wp\/v2\/types\/page"}],"author":[{"embeddable":true,"href":"https:\/\/umlugarcomunidade.com.br\/index.php?rest_route=\/wp\/v2\/users\/1"}],"replies":[{"embeddable":true,"href":"https:\/\/umlugarcomunidade.com.br\/index.php?rest_route=%2Fwp%2Fv2%2Fcomments&post=1361"}],"version-history":[{"count":104,"href":"https:\/\/umlugarcomunidade.com.br\/index.php?rest_route=\/wp\/v2\/pages\/1361\/revisions"}],"predecessor-version":[{"id":2879,"href":"https:\/\/umlugarcomunidade.com.br\/index.php?rest_route=\/wp\/v2\/pages\/1361\/revisions\/2879"}],"wp:attachment":[{"href":"https:\/\/umlugarcomunidade.com.br\/index.php?rest_route=%2Fwp%2Fv2%2Fmedia&parent=1361"}],"curies":[{"name":"wp","href":"https:\/\/api.w.org\/{rel}","templated":true}]}}